
{"id":5156,"date":"2024-07-22T06:18:37","date_gmt":"2024-07-22T05:18:37","guid":{"rendered":"https:\/\/oximio.com\/home\/"},"modified":"2025-12-16T11:14:06","modified_gmt":"2025-12-16T10:14:06","slug":"home","status":"publish","type":"page","link":"https:\/\/oximio.com\/hu\/","title":{"rendered":"Otthon"},"content":{"rendered":"<p>Az Oximio 19 \u00e9ve ny\u00fajt logisztikai szolg\u00e1ltat\u00e1sokat a klinikai k\u00eds\u00e9rletek ter\u00fclet\u00e9n. Glob\u00e1lis megold\u00e1sok: logisztika, kontrollk\u00e9sz\u00edtm\u00e9nyek beszerz\u00e9se, import \u00e9s m\u00e9g sok egy\u00e9b<\/p>\n","protected":false},"excerpt":{"rendered":"<p>Az Oximio 19 \u00e9ve ny\u00fajt logisztikai szolg\u00e1ltat\u00e1sokat a klinikai k\u00eds\u00e9rletek ter\u00fclet\u00e9n. Glob\u00e1lis megold\u00e1sok: logisztika, kontrollk\u00e9sz\u00edtm\u00e9nyek beszerz\u00e9se, import \u00e9s m\u00e9g sok egy\u00e9b<\/p>\n","protected":false},"author":1,"featured_media":0,"parent":0,"menu_order":2,"comment_status":"closed","ping_status":"closed","template":"Templates\/page-home.php","meta":{"_acf_changed":false,"footnotes":""},"class_list":["post-5156","page","type-page","status-publish","hentry"],"acf":[],"yoast_head":"<!-- This site is optimized with the Yoast SEO plugin v26.8 - https:\/\/yoast.com\/product\/yoast-seo-wordpress\/ -->\n<title>Klinikai vizsg\u00e1latokhoz kapcsol\u00f3d\u00f3 logisztikai szolg\u00e1ltat\u00e1sok | Klinikai logisztika | Oximio<\/title>\n<meta name=\"description\" content=\"Az Oximio 19 \u00e9ve ny\u00fajt klinikai vizsg\u00e1latokhoz kapcsol\u00f3d\u00f3 logisztikai szolg\u00e1ltat\u00e1sokat. Glob\u00e1lis megold\u00e1sok: logisztika, kontrollk\u00e9sz\u00edtm\u00e9nyek beszerz\u00e9se, import \u00e9s m\u00e9g sok egy\u00e9b szolg\u00e1ltat\u00e1s\" \/>\n<meta name=\"robots\" content=\"index, follow, max-snippet:-1, max-image-preview:large, max-video-preview:-1\" \/>\n<link rel=\"canonical\" href=\"https:\/\/oximio.com\/hu\/\" \/>\n<meta property=\"og:locale\" content=\"hu_HU\" \/>\n<meta property=\"og:type\" content=\"article\" \/>\n<meta property=\"og:title\" content=\"Klinikai vizsg\u00e1latokhoz kapcsol\u00f3d\u00f3 logisztikai szolg\u00e1ltat\u00e1sok | Klinikai logisztika | Oximio\" \/>\n<meta property=\"og:description\" content=\"Az Oximio 19 \u00e9ve ny\u00fajt klinikai vizsg\u00e1latokhoz kapcsol\u00f3d\u00f3 logisztikai szolg\u00e1ltat\u00e1sokat. Glob\u00e1lis megold\u00e1sok: logisztika, kontrollk\u00e9sz\u00edtm\u00e9nyek beszerz\u00e9se, import \u00e9s m\u00e9g sok egy\u00e9b szolg\u00e1ltat\u00e1s\" \/>\n<meta property=\"og:url\" content=\"https:\/\/oximio.com\/hu\/\" \/>\n<meta property=\"og:site_name\" content=\"Oximio\" \/>\n<meta property=\"article:publisher\" content=\"https:\/\/www.facebook.com\/Oximio\/\" \/>\n<meta property=\"article:modified_time\" content=\"2025-12-16T10:14:06+00:00\" \/>\n<meta property=\"og:image\" content=\"https:\/\/oximio.com\/wp-content\/uploads\/2024\/10\/Thumbnail-1.jpg\" \/>\n\t<meta property=\"og:image:width\" content=\"1200\" \/>\n\t<meta property=\"og:image:height\" content=\"675\" \/>\n\t<meta property=\"og:image:type\" content=\"image\/jpeg\" \/>\n<meta name=\"twitter:card\" content=\"summary_large_image\" \/>\n<meta name=\"twitter:label1\" content=\"Est. reading time\" \/>\n\t<meta name=\"twitter:data1\" content=\"1 minute\" \/>\n<script type=\"application\/ld+json\" class=\"yoast-schema-graph\">{\"@context\":\"https:\/\/schema.org\",\"@graph\":[{\"@type\":\"WebPage\",\"@id\":\"https:\/\/oximio.com\/hu\/\",\"url\":\"https:\/\/oximio.com\/hu\/\",\"name\":\"Klinikai vizsg\u00e1latokhoz kapcsol\u00f3d\u00f3 logisztikai szolg\u00e1ltat\u00e1sok | Klinikai logisztika | Oximio\",\"isPartOf\":{\"@id\":\"https:\/\/oximio.com\/hu\/#website\"},\"datePublished\":\"2024-07-22T05:18:37+00:00\",\"dateModified\":\"2025-12-16T10:14:06+00:00\",\"description\":\"Az Oximio 19 \u00e9ve ny\u00fajt klinikai vizsg\u00e1latokhoz kapcsol\u00f3d\u00f3 logisztikai szolg\u00e1ltat\u00e1sokat. Glob\u00e1lis megold\u00e1sok: logisztika, kontrollk\u00e9sz\u00edtm\u00e9nyek beszerz\u00e9se, import \u00e9s m\u00e9g sok egy\u00e9b szolg\u00e1ltat\u00e1s\",\"breadcrumb\":{\"@id\":\"https:\/\/oximio.com\/hu\/#breadcrumb\"},\"inLanguage\":\"hu\",\"potentialAction\":[{\"@type\":\"ReadAction\",\"target\":[\"https:\/\/oximio.com\/hu\/\"]}]},{\"@type\":\"BreadcrumbList\",\"@id\":\"https:\/\/oximio.com\/hu\/#breadcrumb\",\"itemListElement\":[{\"@type\":\"ListItem\",\"position\":1,\"name\":\"Home\",\"item\":\"https:\/\/oximio.com\/hu\/\"},{\"@type\":\"ListItem\",\"position\":2,\"name\":\"Otthon\"}]},{\"@type\":\"WebSite\",\"@id\":\"https:\/\/oximio.com\/hu\/#website\",\"url\":\"https:\/\/oximio.com\/hu\/\",\"name\":\"Oximio\",\"description\":\"We deliver care\",\"publisher\":{\"@id\":\"https:\/\/oximio.com\/hu\/#organization\"},\"potentialAction\":[{\"@type\":\"SearchAction\",\"target\":{\"@type\":\"EntryPoint\",\"urlTemplate\":\"https:\/\/oximio.com\/hu\/?s={search_term_string}\"},\"query-input\":{\"@type\":\"PropertyValueSpecification\",\"valueRequired\":true,\"valueName\":\"search_term_string\"}}],\"inLanguage\":\"hu\"},{\"@type\":\"Organization\",\"@id\":\"https:\/\/oximio.com\/hu\/#organization\",\"name\":\"Oximio\",\"url\":\"https:\/\/oximio.com\/hu\/\",\"logo\":{\"@type\":\"ImageObject\",\"inLanguage\":\"hu\",\"@id\":\"https:\/\/oximio.com\/hu\/#\/schema\/logo\/image\/\",\"url\":\"https:\/\/oximio.com\/wp-content\/uploads\/2024\/09\/Oximio_logo-01.jpg\",\"contentUrl\":\"https:\/\/oximio.com\/wp-content\/uploads\/2024\/09\/Oximio_logo-01.jpg\",\"width\":2501,\"height\":1363,\"caption\":\"Oximio\"},\"image\":{\"@id\":\"https:\/\/oximio.com\/hu\/#\/schema\/logo\/image\/\"},\"sameAs\":[\"https:\/\/www.facebook.com\/Oximio\/\",\"https:\/\/www.linkedin.com\/company\/smo-group\"]}]}<\/script>\n<!-- \/ Yoast SEO plugin. -->","yoast_head_json":{"title":"Klinikai vizsg\u00e1latokhoz kapcsol\u00f3d\u00f3 logisztikai szolg\u00e1ltat\u00e1sok | Klinikai logisztika | Oximio","description":"Az Oximio 19 \u00e9ve ny\u00fajt klinikai vizsg\u00e1latokhoz kapcsol\u00f3d\u00f3 logisztikai szolg\u00e1ltat\u00e1sokat. Glob\u00e1lis megold\u00e1sok: logisztika, kontrollk\u00e9sz\u00edtm\u00e9nyek beszerz\u00e9se, import \u00e9s m\u00e9g sok egy\u00e9b szolg\u00e1ltat\u00e1s","robots":{"index":"index","follow":"follow","max-snippet":"max-snippet:-1","max-image-preview":"max-image-preview:large","max-video-preview":"max-video-preview:-1"},"canonical":"https:\/\/oximio.com\/hu\/","og_locale":"hu_HU","og_type":"article","og_title":"Klinikai vizsg\u00e1latokhoz kapcsol\u00f3d\u00f3 logisztikai szolg\u00e1ltat\u00e1sok | Klinikai logisztika | Oximio","og_description":"Az Oximio 19 \u00e9ve ny\u00fajt klinikai vizsg\u00e1latokhoz kapcsol\u00f3d\u00f3 logisztikai szolg\u00e1ltat\u00e1sokat. Glob\u00e1lis megold\u00e1sok: logisztika, kontrollk\u00e9sz\u00edtm\u00e9nyek beszerz\u00e9se, import \u00e9s m\u00e9g sok egy\u00e9b szolg\u00e1ltat\u00e1s","og_url":"https:\/\/oximio.com\/hu\/","og_site_name":"Oximio","article_publisher":"https:\/\/www.facebook.com\/Oximio\/","article_modified_time":"2025-12-16T10:14:06+00:00","og_image":[{"width":1200,"height":675,"url":"https:\/\/oximio.com\/wp-content\/uploads\/2024\/10\/Thumbnail-1.jpg","type":"image\/jpeg"}],"twitter_card":"summary_large_image","twitter_misc":{"Est. reading time":"1 minute"},"schema":{"@context":"https:\/\/schema.org","@graph":[{"@type":"WebPage","@id":"https:\/\/oximio.com\/hu\/","url":"https:\/\/oximio.com\/hu\/","name":"Klinikai vizsg\u00e1latokhoz kapcsol\u00f3d\u00f3 logisztikai szolg\u00e1ltat\u00e1sok | Klinikai logisztika | Oximio","isPartOf":{"@id":"https:\/\/oximio.com\/hu\/#website"},"datePublished":"2024-07-22T05:18:37+00:00","dateModified":"2025-12-16T10:14:06+00:00","description":"Az Oximio 19 \u00e9ve ny\u00fajt klinikai vizsg\u00e1latokhoz kapcsol\u00f3d\u00f3 logisztikai szolg\u00e1ltat\u00e1sokat. Glob\u00e1lis megold\u00e1sok: logisztika, kontrollk\u00e9sz\u00edtm\u00e9nyek beszerz\u00e9se, import \u00e9s m\u00e9g sok egy\u00e9b szolg\u00e1ltat\u00e1s","breadcrumb":{"@id":"https:\/\/oximio.com\/hu\/#breadcrumb"},"inLanguage":"hu","potentialAction":[{"@type":"ReadAction","target":["https:\/\/oximio.com\/hu\/"]}]},{"@type":"BreadcrumbList","@id":"https:\/\/oximio.com\/hu\/#breadcrumb","itemListElement":[{"@type":"ListItem","position":1,"name":"Home","item":"https:\/\/oximio.com\/hu\/"},{"@type":"ListItem","position":2,"name":"Otthon"}]},{"@type":"WebSite","@id":"https:\/\/oximio.com\/hu\/#website","url":"https:\/\/oximio.com\/hu\/","name":"Oximio","description":"We deliver care","publisher":{"@id":"https:\/\/oximio.com\/hu\/#organization"},"potentialAction":[{"@type":"SearchAction","target":{"@type":"EntryPoint","urlTemplate":"https:\/\/oximio.com\/hu\/?s={search_term_string}"},"query-input":{"@type":"PropertyValueSpecification","valueRequired":true,"valueName":"search_term_string"}}],"inLanguage":"hu"},{"@type":"Organization","@id":"https:\/\/oximio.com\/hu\/#organization","name":"Oximio","url":"https:\/\/oximio.com\/hu\/","logo":{"@type":"ImageObject","inLanguage":"hu","@id":"https:\/\/oximio.com\/hu\/#\/schema\/logo\/image\/","url":"https:\/\/oximio.com\/wp-content\/uploads\/2024\/09\/Oximio_logo-01.jpg","contentUrl":"https:\/\/oximio.com\/wp-content\/uploads\/2024\/09\/Oximio_logo-01.jpg","width":2501,"height":1363,"caption":"Oximio"},"image":{"@id":"https:\/\/oximio.com\/hu\/#\/schema\/logo\/image\/"},"sameAs":["https:\/\/www.facebook.com\/Oximio\/","https:\/\/www.linkedin.com\/company\/smo-group"]}]}},"_links":{"self":[{"href":"https:\/\/oximio.com\/hu\/wp-json\/wp\/v2\/pages\/5156","targetHints":{"allow":["GET"]}}],"collection":[{"href":"https:\/\/oximio.com\/hu\/wp-json\/wp\/v2\/pages"}],"about":[{"href":"https:\/\/oximio.com\/hu\/wp-json\/wp\/v2\/types\/page"}],"author":[{"embeddable":true,"href":"https:\/\/oximio.com\/hu\/wp-json\/wp\/v2\/users\/1"}],"replies":[{"embeddable":true,"href":"https:\/\/oximio.com\/hu\/wp-json\/wp\/v2\/comments?post=5156"}],"version-history":[{"count":4,"href":"https:\/\/oximio.com\/hu\/wp-json\/wp\/v2\/pages\/5156\/revisions"}],"predecessor-version":[{"id":6275,"href":"https:\/\/oximio.com\/hu\/wp-json\/wp\/v2\/pages\/5156\/revisions\/6275"}],"wp:attachment":[{"href":"https:\/\/oximio.com\/hu\/wp-json\/wp\/v2\/media?parent=5156"}],"curies":[{"name":"wp","href":"https:\/\/api.w.org\/{rel}","templated":true}]}}