
{"id":5171,"date":"2025-07-15T08:02:42","date_gmt":"2025-07-15T07:02:42","guid":{"rendered":"https:\/\/oximio.com\/network\/dominican-republic\/"},"modified":"2025-10-07T08:00:18","modified_gmt":"2025-10-07T07:00:18","slug":"dominican-republic","status":"publish","type":"page","link":"https:\/\/oximio.com\/hu\/network\/dominican-republic\/","title":{"rendered":"Dominikai K\u00f6zt\u00e1rsas\u00e1g"},"content":{"rendered":"","protected":false},"excerpt":{"rendered":"","protected":false},"author":1,"featured_media":0,"parent":5166,"menu_order":2,"comment_status":"closed","ping_status":"closed","template":"Templates\/page-countries.php","meta":{"_acf_changed":false,"footnotes":""},"class_list":["post-5171","page","type-page","status-publish","hentry"],"acf":[],"yoast_head":"<!-- This site is optimized with the Yoast SEO plugin v26.8 - https:\/\/yoast.com\/product\/yoast-seo-wordpress\/ -->\n<title>Dominikai K\u00f6zt\u00e1rsas\u00e1g - Oximio<\/title>\n<meta name=\"robots\" content=\"index, follow, max-snippet:-1, max-image-preview:large, max-video-preview:-1\" \/>\n<link rel=\"canonical\" href=\"https:\/\/oximio.com\/hu\/network\/dominican-republic\/\" \/>\n<meta property=\"og:locale\" content=\"hu_HU\" \/>\n<meta property=\"og:type\" content=\"article\" \/>\n<meta property=\"og:title\" content=\"Dominikai K\u00f6zt\u00e1rsas\u00e1g - Oximio\" \/>\n<meta property=\"og:url\" content=\"https:\/\/oximio.com\/hu\/network\/dominican-republic\/\" \/>\n<meta property=\"og:site_name\" content=\"Oximio\" \/>\n<meta property=\"article:publisher\" content=\"https:\/\/www.facebook.com\/Oximio\/\" \/>\n<meta property=\"article:modified_time\" content=\"2025-10-07T07:00:18+00:00\" \/>\n<meta property=\"og:image\" content=\"https:\/\/oximio.com\/wp-content\/uploads\/2024\/10\/Thumbnail-1.jpg\" \/>\n\t<meta property=\"og:image:width\" content=\"1200\" \/>\n\t<meta property=\"og:image:height\" content=\"675\" \/>\n\t<meta property=\"og:image:type\" content=\"image\/jpeg\" \/>\n<meta name=\"twitter:card\" content=\"summary_large_image\" \/>\n<script type=\"application\/ld+json\" class=\"yoast-schema-graph\">{\"@context\":\"https:\/\/schema.org\",\"@graph\":[{\"@type\":\"WebPage\",\"@id\":\"https:\/\/oximio.com\/hu\/network\/dominican-republic\/\",\"url\":\"https:\/\/oximio.com\/hu\/network\/dominican-republic\/\",\"name\":\"Dominikai K\u00f6zt\u00e1rsas\u00e1g - Oximio\",\"isPartOf\":{\"@id\":\"https:\/\/oximio.com\/hu\/#website\"},\"datePublished\":\"2025-07-15T07:02:42+00:00\",\"dateModified\":\"2025-10-07T07:00:18+00:00\",\"breadcrumb\":{\"@id\":\"https:\/\/oximio.com\/hu\/network\/dominican-republic\/#breadcrumb\"},\"inLanguage\":\"hu\",\"potentialAction\":[{\"@type\":\"ReadAction\",\"target\":[\"https:\/\/oximio.com\/hu\/network\/dominican-republic\/\"]}]},{\"@type\":\"BreadcrumbList\",\"@id\":\"https:\/\/oximio.com\/hu\/network\/dominican-republic\/#breadcrumb\",\"itemListElement\":[{\"@type\":\"ListItem\",\"position\":1,\"name\":\"Home\",\"item\":\"https:\/\/oximio.com\/hu\/\"},{\"@type\":\"ListItem\",\"position\":2,\"name\":\"H\u00e1l\u00f3zat\",\"item\":\"https:\/\/oximio.com\/hu\/network\/\"},{\"@type\":\"ListItem\",\"position\":3,\"name\":\"Dominikai K\u00f6zt\u00e1rsas\u00e1g\"}]},{\"@type\":\"WebSite\",\"@id\":\"https:\/\/oximio.com\/hu\/#website\",\"url\":\"https:\/\/oximio.com\/hu\/\",\"name\":\"Oximio\",\"description\":\"We deliver care\",\"publisher\":{\"@id\":\"https:\/\/oximio.com\/hu\/#organization\"},\"potentialAction\":[{\"@type\":\"SearchAction\",\"target\":{\"@type\":\"EntryPoint\",\"urlTemplate\":\"https:\/\/oximio.com\/hu\/?s={search_term_string}\"},\"query-input\":{\"@type\":\"PropertyValueSpecification\",\"valueRequired\":true,\"valueName\":\"search_term_string\"}}],\"inLanguage\":\"hu\"},{\"@type\":\"Organization\",\"@id\":\"https:\/\/oximio.com\/hu\/#organization\",\"name\":\"Oximio\",\"url\":\"https:\/\/oximio.com\/hu\/\",\"logo\":{\"@type\":\"ImageObject\",\"inLanguage\":\"hu\",\"@id\":\"https:\/\/oximio.com\/hu\/#\/schema\/logo\/image\/\",\"url\":\"https:\/\/oximio.com\/wp-content\/uploads\/2024\/09\/Oximio_logo-01.jpg\",\"contentUrl\":\"https:\/\/oximio.com\/wp-content\/uploads\/2024\/09\/Oximio_logo-01.jpg\",\"width\":2501,\"height\":1363,\"caption\":\"Oximio\"},\"image\":{\"@id\":\"https:\/\/oximio.com\/hu\/#\/schema\/logo\/image\/\"},\"sameAs\":[\"https:\/\/www.facebook.com\/Oximio\/\",\"https:\/\/www.linkedin.com\/company\/smo-group\"]}]}<\/script>\n<!-- \/ Yoast SEO plugin. -->","yoast_head_json":{"title":"Dominikai K\u00f6zt\u00e1rsas\u00e1g - Oximio","robots":{"index":"index","follow":"follow","max-snippet":"max-snippet:-1","max-image-preview":"max-image-preview:large","max-video-preview":"max-video-preview:-1"},"canonical":"https:\/\/oximio.com\/hu\/network\/dominican-republic\/","og_locale":"hu_HU","og_type":"article","og_title":"Dominikai K\u00f6zt\u00e1rsas\u00e1g - Oximio","og_url":"https:\/\/oximio.com\/hu\/network\/dominican-republic\/","og_site_name":"Oximio","article_publisher":"https:\/\/www.facebook.com\/Oximio\/","article_modified_time":"2025-10-07T07:00:18+00:00","og_image":[{"width":1200,"height":675,"url":"https:\/\/oximio.com\/wp-content\/uploads\/2024\/10\/Thumbnail-1.jpg","type":"image\/jpeg"}],"twitter_card":"summary_large_image","schema":{"@context":"https:\/\/schema.org","@graph":[{"@type":"WebPage","@id":"https:\/\/oximio.com\/hu\/network\/dominican-republic\/","url":"https:\/\/oximio.com\/hu\/network\/dominican-republic\/","name":"Dominikai K\u00f6zt\u00e1rsas\u00e1g - Oximio","isPartOf":{"@id":"https:\/\/oximio.com\/hu\/#website"},"datePublished":"2025-07-15T07:02:42+00:00","dateModified":"2025-10-07T07:00:18+00:00","breadcrumb":{"@id":"https:\/\/oximio.com\/hu\/network\/dominican-republic\/#breadcrumb"},"inLanguage":"hu","potentialAction":[{"@type":"ReadAction","target":["https:\/\/oximio.com\/hu\/network\/dominican-republic\/"]}]},{"@type":"BreadcrumbList","@id":"https:\/\/oximio.com\/hu\/network\/dominican-republic\/#breadcrumb","itemListElement":[{"@type":"ListItem","position":1,"name":"Home","item":"https:\/\/oximio.com\/hu\/"},{"@type":"ListItem","position":2,"name":"H\u00e1l\u00f3zat","item":"https:\/\/oximio.com\/hu\/network\/"},{"@type":"ListItem","position":3,"name":"Dominikai K\u00f6zt\u00e1rsas\u00e1g"}]},{"@type":"WebSite","@id":"https:\/\/oximio.com\/hu\/#website","url":"https:\/\/oximio.com\/hu\/","name":"Oximio","description":"We deliver care","publisher":{"@id":"https:\/\/oximio.com\/hu\/#organization"},"potentialAction":[{"@type":"SearchAction","target":{"@type":"EntryPoint","urlTemplate":"https:\/\/oximio.com\/hu\/?s={search_term_string}"},"query-input":{"@type":"PropertyValueSpecification","valueRequired":true,"valueName":"search_term_string"}}],"inLanguage":"hu"},{"@type":"Organization","@id":"https:\/\/oximio.com\/hu\/#organization","name":"Oximio","url":"https:\/\/oximio.com\/hu\/","logo":{"@type":"ImageObject","inLanguage":"hu","@id":"https:\/\/oximio.com\/hu\/#\/schema\/logo\/image\/","url":"https:\/\/oximio.com\/wp-content\/uploads\/2024\/09\/Oximio_logo-01.jpg","contentUrl":"https:\/\/oximio.com\/wp-content\/uploads\/2024\/09\/Oximio_logo-01.jpg","width":2501,"height":1363,"caption":"Oximio"},"image":{"@id":"https:\/\/oximio.com\/hu\/#\/schema\/logo\/image\/"},"sameAs":["https:\/\/www.facebook.com\/Oximio\/","https:\/\/www.linkedin.com\/company\/smo-group"]}]}},"_links":{"self":[{"href":"https:\/\/oximio.com\/hu\/wp-json\/wp\/v2\/pages\/5171","targetHints":{"allow":["GET"]}}],"collection":[{"href":"https:\/\/oximio.com\/hu\/wp-json\/wp\/v2\/pages"}],"about":[{"href":"https:\/\/oximio.com\/hu\/wp-json\/wp\/v2\/types\/page"}],"author":[{"embeddable":true,"href":"https:\/\/oximio.com\/hu\/wp-json\/wp\/v2\/users\/1"}],"replies":[{"embeddable":true,"href":"https:\/\/oximio.com\/hu\/wp-json\/wp\/v2\/comments?post=5171"}],"version-history":[{"count":2,"href":"https:\/\/oximio.com\/hu\/wp-json\/wp\/v2\/pages\/5171\/revisions"}],"predecessor-version":[{"id":5466,"href":"https:\/\/oximio.com\/hu\/wp-json\/wp\/v2\/pages\/5171\/revisions\/5466"}],"up":[{"embeddable":true,"href":"https:\/\/oximio.com\/hu\/wp-json\/wp\/v2\/pages\/5166"}],"wp:attachment":[{"href":"https:\/\/oximio.com\/hu\/wp-json\/wp\/v2\/media?parent=5171"}],"curies":[{"name":"wp","href":"https:\/\/api.w.org\/{rel}","templated":true}]}}