
{"id":5177,"date":"2024-09-26T07:14:55","date_gmt":"2024-09-26T06:14:55","guid":{"rendered":"https:\/\/oximio.com\/network\/ukraine\/"},"modified":"2025-09-25T06:01:16","modified_gmt":"2025-09-25T05:01:16","slug":"ukraine","status":"publish","type":"page","link":"https:\/\/oximio.com\/hu\/network\/ukraine\/","title":{"rendered":"Ukrajna"},"content":{"rendered":"<section class=\"my-14\">\n    <div class=\"container \">\n      <div class=\"col-span-10 col-start-2 text-center\">\n        <h2 class=\"font-semibold text-2xl md:text-5xl leading-snug\">\n          Jelenlegi lefedetts\u00e9g Ukrajn\u00e1ban        <\/h2>\n      <\/div>\n      <div class=\"flex justify-center mt-10\">\n        <img decoding=\"async\" src=\"https:\/\/oximio.com\/wp-content\/uploads\/2024\/10\/coverage-ukraine.jpg\" alt=\"Map of Ukraine\" class=\"w-80 md:w-full\">\n      <\/div>\n    <\/div>\n    <div class=\"container flex flex-col md:flex-row mt-10 \">\n      <div class=\"flex flex-col items-center md:items-start md:w-1\/4\">\n                <p class=\"flex items-center gap-2 font-light text-sm\">\n          <img decoding=\"async\" src=\"https:\/\/oximio.com\/wp-content\/uploads\/2024\/10\/pin-cyan.png\" alt=\"pin cyan\" class=\"w-4 md:w-6\">F\u0151 rakt\u00e1r        <\/p>\n                <p class=\"flex items-center gap-2 font-light mt-4 text-sm\">\n          <img decoding=\"async\" src=\"https:\/\/oximio.com\/wp-content\/uploads\/2024\/10\/pin-darkest-blue.png\" alt=\"pin darkest blue\" class=\"w-4 md:w-6\">Region\u00e1lis rakt\u00e1r (2022 m\u00e1jus\u00e1t\u00f3l)        <\/p>\n              <\/div>\n      <div class=\"flex flex-col md:flex-row flex-wrap mt-12 md:mt-0 md:w-3\/4 md:ml-24\">\n        <div class=\"md:w-1\/2 flex flex-col md:pr-16\">\n                  <div class=\"flex flex-row\">\n            <div class=\"w-24 md:w-10\">\n              <img decoding=\"async\" src=\"https:\/\/oximio.com\/wp-content\/uploads\/2024\/10\/dot-yellow.svg\" alt=\"Rendszeresen m\u0171k\u00f6dik\" class=\"w-[10px] mt-1\">\n            <\/div>\n            <div class=\"md:w-full\">\n              <h3 class=\"font-semibold text-sm\">Rendszeresen m\u0171k\u00f6dik<\/h3>\n              <p class=\"font-light text-sm mt-2\">A sz\u00e1ll\u00edt\u00e1si \u00e9s kiterjesztett szolg\u00e1ltat\u00e1sok (k\u00f6zvetlen\u00fcl a betegekhez, otthoni eg\u00e9szs\u00e9g\u00fcgyi ell\u00e1t\u00e1s, betegutaztat\u00e1s) ezen a ter\u00fcleten m\u00e1r kialakultak \u00e9s rendszeresen m\u0171k\u00f6dnek.              <\/p>\n            <\/div>\n          <\/div>\n          <div class=\"flex flex-row mt-12\">\n            <div class=\"w-10\">\n            <img decoding=\"async\" src=\"https:\/\/oximio.com\/wp-content\/uploads\/2024\/10\/dot-orange.svg\" alt=\"Esetenk\u00e9nt fel\u00fclvizsg\u00e1lva\" class=\"w-[10px] mt-1\">\n            <\/div>\n            <div class=\"w-full\">\n              <h3 class=\"font-semibold text-sm\">Esetenk\u00e9nt fel\u00fclvizsg\u00e1lva<\/h3>\n              <p class=\"font-light text-sm mt-2\">A sz\u00e1ll\u00edt\u00e1s \u00e9s a kiterjesztett szolg\u00e1ltat\u00e1sok (p\u00e9ld\u00e1ul k\u00f6zvetlen betegell\u00e1t\u00e1s, otthoni eg\u00e9szs\u00e9g\u00fcgyi ell\u00e1t\u00e1s, betegutaztat\u00e1s) ezekbe a ter\u00fcletekre\/v\u00e1rosokba megval\u00f3s\u00edthat\u00f3k, de eseti alapon kell \u0151ket fel\u00fclvizsg\u00e1lni.              <\/p>\n            <\/div>\n          <\/div>\n          <div class=\"flex flex-row mt-12\">\n            <div class=\"w-10\">\n            <img decoding=\"async\" src=\"https:\/\/oximio.com\/wp-content\/uploads\/2024\/10\/dot-grey.svg\" alt=\"Lehets\u00e9ges \u00e9rt\u00e9kel\u00e9ssel\" class=\"w-[10px] mt-1\">\n            <\/div>\n            <div class=\"w-full\">\n            <h3 class=\"font-semibold text-sm\">Lehets\u00e9ges \u00e9rt\u00e9kel\u00e9ssel<\/h3>\n              <p class=\"font-light text-sm mt-2\">A szok\u00e1sos szolg\u00e1ltat\u00e1sok nem el\u00e9rhet\u0151k. A kiterjesztett szolg\u00e1ltat\u00e1sok (k\u00f6zvetlen\u00fcl a betegekhez, otthoni eg\u00e9szs\u00e9g\u00fcgyi ell\u00e1t\u00e1s, betegutaztat\u00e1s) \u00e9rt\u00e9kel\u00e9ssel val\u00f3s\u00edthat\u00f3k meg.              <\/p>\n            <\/div>\n          <\/div>\n          <div class=\"flex flex-row mt-12\">\n            <div class=\"w-10\">\n              <img decoding=\"async\" src=\"https:\/\/oximio.com\/wp-content\/uploads\/2024\/10\/dot-dark-grey.svg\" alt=\"Szolg\u00e1ltat\u00e1s felf\u00fcggesztve\" class=\"w-[10px] mt-1\">\n            <\/div>\n            <div class=\"w-full\">\n            <h3 class=\"font-semibold text-sm\">Szolg\u00e1ltat\u00e1s felf\u00fcggesztve<\/h3>\n              <p class=\"font-light text-sm mt-2\">Minden szolg\u00e1ltat\u00e1s ebben a ter\u00fcleten jelenleg sz\u00fcnetel.              <\/p>\n            <\/div>\n          <\/div>\n        <\/div>\n        <div class=\"md:w-1\/2 flex flex-col md:pl-10 mt-12 md:mt-0 ml-10 md:ml-0\">\n          <div>\n            <p class=\"font-thin text-sm\">Latest updates: Legfrissebb friss\u00edt\u00e9sek: m\u00e1jus 22.<\/p>\n                        <h3 class=\"font-semibold text-sm mt-6\">Sz\u00e1ll\u00edt\u00e1si szolg\u00e1ltat\u00e1sok:<\/h3>\n            <p class=\"font-thin text-sm\">A Szumi \u00e9s Romni r\u00e9gi\u00f3k a s\u00e1rga z\u00f3n\u00e1ba ker\u00fcltek.<\/p>\n<p class=\"font-thin text-sm mt-6\">K\u00e9rj\u00fck, vegye figyelembe, hogy ez az inform\u00e1ci\u00f3 a megjel\u00f6lt napra vonatkoz\u00f3an pontos, \u00e9s el\u0151zetes \u00e9rtes\u00edt\u00e9s n\u00e9lk\u00fcl v\u00e1ltozhat. K\u00e9rj\u00fck, forduljon hozz\u00e1nk bizalommal, ha b\u00e1rmilyen k\u00e9rd\u00e9se van, <a class=\"underline\" href=\"https:\/\/stage.oximio.com\/contact\/\">itt.<\/a><\/p>\n          <\/div>\n        <\/div>\n      <\/div>\n    <\/div>\n  <\/section>\n  \n\n\n\n<p><\/p>\n","protected":false},"excerpt":{"rendered":"","protected":false},"author":1,"featured_media":0,"parent":5166,"menu_order":4,"comment_status":"closed","ping_status":"closed","template":"Templates\/page-countries.php","meta":{"_acf_changed":false,"footnotes":""},"class_list":["post-5177","page","type-page","status-publish","hentry"],"acf":[],"yoast_head":"<!-- This site is optimized with the Yoast SEO plugin v26.8 - https:\/\/yoast.com\/product\/yoast-seo-wordpress\/ -->\n<title>Klinikai Vizsg\u00e1lati Logisztikai Szolg\u00e1ltat\u00e1sok Ukrajn\u00e1ban | V\u00e1mkezel\u00e9s<\/title>\n<meta name=\"description\" content=\"Az Oximio, Ukrajna \u00e1tfog\u00f3 klinikai vizsg\u00e1lati logisztikai szolg\u00e1ltat\u00e1sokat k\u00edn\u00e1l. V\u00e1mkezel\u00e9si \u00e9s h\u0151m\u00e9rs\u00e9klet-szab\u00e1lyoz\u00e1si megold\u00e1sok.\" \/>\n<meta name=\"robots\" content=\"index, follow, max-snippet:-1, max-image-preview:large, max-video-preview:-1\" \/>\n<link rel=\"canonical\" href=\"https:\/\/oximio.com\/hu\/network\/ukraine\/\" \/>\n<meta property=\"og:locale\" content=\"hu_HU\" \/>\n<meta property=\"og:type\" content=\"article\" \/>\n<meta property=\"og:title\" content=\"Klinikai Vizsg\u00e1lati Logisztikai Szolg\u00e1ltat\u00e1sok Ukrajn\u00e1ban | V\u00e1mkezel\u00e9s\" \/>\n<meta property=\"og:description\" content=\"Az Oximio, Ukrajna \u00e1tfog\u00f3 klinikai vizsg\u00e1lati logisztikai szolg\u00e1ltat\u00e1sokat k\u00edn\u00e1l. V\u00e1mkezel\u00e9si \u00e9s h\u0151m\u00e9rs\u00e9klet-szab\u00e1lyoz\u00e1si megold\u00e1sok.\" \/>\n<meta property=\"og:url\" content=\"https:\/\/oximio.com\/hu\/network\/ukraine\/\" \/>\n<meta property=\"og:site_name\" content=\"Oximio\" \/>\n<meta property=\"article:publisher\" content=\"https:\/\/www.facebook.com\/Oximio\/\" \/>\n<meta property=\"article:modified_time\" content=\"2025-09-25T05:01:16+00:00\" \/>\n<meta property=\"og:image\" content=\"https:\/\/oximio.com\/wp-content\/uploads\/2024\/10\/Thumbnail-1.jpg\" \/>\n\t<meta property=\"og:image:width\" content=\"1200\" \/>\n\t<meta property=\"og:image:height\" content=\"675\" \/>\n\t<meta property=\"og:image:type\" content=\"image\/jpeg\" \/>\n<meta name=\"twitter:card\" content=\"summary_large_image\" \/>\n<meta name=\"twitter:label1\" content=\"Est. reading time\" \/>\n\t<meta name=\"twitter:data1\" content=\"1 minute\" \/>\n<script type=\"application\/ld+json\" class=\"yoast-schema-graph\">{\"@context\":\"https:\/\/schema.org\",\"@graph\":[{\"@type\":\"WebPage\",\"@id\":\"https:\/\/oximio.com\/hu\/network\/ukraine\/\",\"url\":\"https:\/\/oximio.com\/hu\/network\/ukraine\/\",\"name\":\"Klinikai Vizsg\u00e1lati Logisztikai Szolg\u00e1ltat\u00e1sok Ukrajn\u00e1ban | V\u00e1mkezel\u00e9s\",\"isPartOf\":{\"@id\":\"https:\/\/oximio.com\/hu\/#website\"},\"datePublished\":\"2024-09-26T06:14:55+00:00\",\"dateModified\":\"2025-09-25T05:01:16+00:00\",\"description\":\"Az Oximio, Ukrajna \u00e1tfog\u00f3 klinikai vizsg\u00e1lati logisztikai szolg\u00e1ltat\u00e1sokat k\u00edn\u00e1l. V\u00e1mkezel\u00e9si \u00e9s h\u0151m\u00e9rs\u00e9klet-szab\u00e1lyoz\u00e1si megold\u00e1sok.\",\"breadcrumb\":{\"@id\":\"https:\/\/oximio.com\/hu\/network\/ukraine\/#breadcrumb\"},\"inLanguage\":\"hu\",\"potentialAction\":[{\"@type\":\"ReadAction\",\"target\":[\"https:\/\/oximio.com\/hu\/network\/ukraine\/\"]}]},{\"@type\":\"BreadcrumbList\",\"@id\":\"https:\/\/oximio.com\/hu\/network\/ukraine\/#breadcrumb\",\"itemListElement\":[{\"@type\":\"ListItem\",\"position\":1,\"name\":\"Home\",\"item\":\"https:\/\/oximio.com\/hu\/\"},{\"@type\":\"ListItem\",\"position\":2,\"name\":\"H\u00e1l\u00f3zat\",\"item\":\"https:\/\/oximio.com\/hu\/network\/\"},{\"@type\":\"ListItem\",\"position\":3,\"name\":\"Ukrajna\"}]},{\"@type\":\"WebSite\",\"@id\":\"https:\/\/oximio.com\/hu\/#website\",\"url\":\"https:\/\/oximio.com\/hu\/\",\"name\":\"Oximio\",\"description\":\"We deliver care\",\"publisher\":{\"@id\":\"https:\/\/oximio.com\/hu\/#organization\"},\"potentialAction\":[{\"@type\":\"SearchAction\",\"target\":{\"@type\":\"EntryPoint\",\"urlTemplate\":\"https:\/\/oximio.com\/hu\/?s={search_term_string}\"},\"query-input\":{\"@type\":\"PropertyValueSpecification\",\"valueRequired\":true,\"valueName\":\"search_term_string\"}}],\"inLanguage\":\"hu\"},{\"@type\":\"Organization\",\"@id\":\"https:\/\/oximio.com\/hu\/#organization\",\"name\":\"Oximio\",\"url\":\"https:\/\/oximio.com\/hu\/\",\"logo\":{\"@type\":\"ImageObject\",\"inLanguage\":\"hu\",\"@id\":\"https:\/\/oximio.com\/hu\/#\/schema\/logo\/image\/\",\"url\":\"https:\/\/oximio.com\/wp-content\/uploads\/2024\/09\/Oximio_logo-01.jpg\",\"contentUrl\":\"https:\/\/oximio.com\/wp-content\/uploads\/2024\/09\/Oximio_logo-01.jpg\",\"width\":2501,\"height\":1363,\"caption\":\"Oximio\"},\"image\":{\"@id\":\"https:\/\/oximio.com\/hu\/#\/schema\/logo\/image\/\"},\"sameAs\":[\"https:\/\/www.facebook.com\/Oximio\/\",\"https:\/\/www.linkedin.com\/company\/smo-group\"]}]}<\/script>\n<!-- \/ Yoast SEO plugin. -->","yoast_head_json":{"title":"Klinikai Vizsg\u00e1lati Logisztikai Szolg\u00e1ltat\u00e1sok Ukrajn\u00e1ban | V\u00e1mkezel\u00e9s","description":"Az Oximio, Ukrajna \u00e1tfog\u00f3 klinikai vizsg\u00e1lati logisztikai szolg\u00e1ltat\u00e1sokat k\u00edn\u00e1l. V\u00e1mkezel\u00e9si \u00e9s h\u0151m\u00e9rs\u00e9klet-szab\u00e1lyoz\u00e1si megold\u00e1sok.","robots":{"index":"index","follow":"follow","max-snippet":"max-snippet:-1","max-image-preview":"max-image-preview:large","max-video-preview":"max-video-preview:-1"},"canonical":"https:\/\/oximio.com\/hu\/network\/ukraine\/","og_locale":"hu_HU","og_type":"article","og_title":"Klinikai Vizsg\u00e1lati Logisztikai Szolg\u00e1ltat\u00e1sok Ukrajn\u00e1ban | V\u00e1mkezel\u00e9s","og_description":"Az Oximio, Ukrajna \u00e1tfog\u00f3 klinikai vizsg\u00e1lati logisztikai szolg\u00e1ltat\u00e1sokat k\u00edn\u00e1l. V\u00e1mkezel\u00e9si \u00e9s h\u0151m\u00e9rs\u00e9klet-szab\u00e1lyoz\u00e1si megold\u00e1sok.","og_url":"https:\/\/oximio.com\/hu\/network\/ukraine\/","og_site_name":"Oximio","article_publisher":"https:\/\/www.facebook.com\/Oximio\/","article_modified_time":"2025-09-25T05:01:16+00:00","og_image":[{"width":1200,"height":675,"url":"https:\/\/oximio.com\/wp-content\/uploads\/2024\/10\/Thumbnail-1.jpg","type":"image\/jpeg"}],"twitter_card":"summary_large_image","twitter_misc":{"Est. reading time":"1 minute"},"schema":{"@context":"https:\/\/schema.org","@graph":[{"@type":"WebPage","@id":"https:\/\/oximio.com\/hu\/network\/ukraine\/","url":"https:\/\/oximio.com\/hu\/network\/ukraine\/","name":"Klinikai Vizsg\u00e1lati Logisztikai Szolg\u00e1ltat\u00e1sok Ukrajn\u00e1ban | V\u00e1mkezel\u00e9s","isPartOf":{"@id":"https:\/\/oximio.com\/hu\/#website"},"datePublished":"2024-09-26T06:14:55+00:00","dateModified":"2025-09-25T05:01:16+00:00","description":"Az Oximio, Ukrajna \u00e1tfog\u00f3 klinikai vizsg\u00e1lati logisztikai szolg\u00e1ltat\u00e1sokat k\u00edn\u00e1l. V\u00e1mkezel\u00e9si \u00e9s h\u0151m\u00e9rs\u00e9klet-szab\u00e1lyoz\u00e1si megold\u00e1sok.","breadcrumb":{"@id":"https:\/\/oximio.com\/hu\/network\/ukraine\/#breadcrumb"},"inLanguage":"hu","potentialAction":[{"@type":"ReadAction","target":["https:\/\/oximio.com\/hu\/network\/ukraine\/"]}]},{"@type":"BreadcrumbList","@id":"https:\/\/oximio.com\/hu\/network\/ukraine\/#breadcrumb","itemListElement":[{"@type":"ListItem","position":1,"name":"Home","item":"https:\/\/oximio.com\/hu\/"},{"@type":"ListItem","position":2,"name":"H\u00e1l\u00f3zat","item":"https:\/\/oximio.com\/hu\/network\/"},{"@type":"ListItem","position":3,"name":"Ukrajna"}]},{"@type":"WebSite","@id":"https:\/\/oximio.com\/hu\/#website","url":"https:\/\/oximio.com\/hu\/","name":"Oximio","description":"We deliver care","publisher":{"@id":"https:\/\/oximio.com\/hu\/#organization"},"potentialAction":[{"@type":"SearchAction","target":{"@type":"EntryPoint","urlTemplate":"https:\/\/oximio.com\/hu\/?s={search_term_string}"},"query-input":{"@type":"PropertyValueSpecification","valueRequired":true,"valueName":"search_term_string"}}],"inLanguage":"hu"},{"@type":"Organization","@id":"https:\/\/oximio.com\/hu\/#organization","name":"Oximio","url":"https:\/\/oximio.com\/hu\/","logo":{"@type":"ImageObject","inLanguage":"hu","@id":"https:\/\/oximio.com\/hu\/#\/schema\/logo\/image\/","url":"https:\/\/oximio.com\/wp-content\/uploads\/2024\/09\/Oximio_logo-01.jpg","contentUrl":"https:\/\/oximio.com\/wp-content\/uploads\/2024\/09\/Oximio_logo-01.jpg","width":2501,"height":1363,"caption":"Oximio"},"image":{"@id":"https:\/\/oximio.com\/hu\/#\/schema\/logo\/image\/"},"sameAs":["https:\/\/www.facebook.com\/Oximio\/","https:\/\/www.linkedin.com\/company\/smo-group"]}]}},"_links":{"self":[{"href":"https:\/\/oximio.com\/hu\/wp-json\/wp\/v2\/pages\/5177","targetHints":{"allow":["GET"]}}],"collection":[{"href":"https:\/\/oximio.com\/hu\/wp-json\/wp\/v2\/pages"}],"about":[{"href":"https:\/\/oximio.com\/hu\/wp-json\/wp\/v2\/types\/page"}],"author":[{"embeddable":true,"href":"https:\/\/oximio.com\/hu\/wp-json\/wp\/v2\/users\/1"}],"replies":[{"embeddable":true,"href":"https:\/\/oximio.com\/hu\/wp-json\/wp\/v2\/comments?post=5177"}],"version-history":[{"count":3,"href":"https:\/\/oximio.com\/hu\/wp-json\/wp\/v2\/pages\/5177\/revisions"}],"predecessor-version":[{"id":5401,"href":"https:\/\/oximio.com\/hu\/wp-json\/wp\/v2\/pages\/5177\/revisions\/5401"}],"up":[{"embeddable":true,"href":"https:\/\/oximio.com\/hu\/wp-json\/wp\/v2\/pages\/5166"}],"wp:attachment":[{"href":"https:\/\/oximio.com\/hu\/wp-json\/wp\/v2\/media?parent=5177"}],"curies":[{"name":"wp","href":"https:\/\/api.w.org\/{rel}","templated":true}]}}