
{"id":5699,"date":"2025-10-22T10:32:53","date_gmt":"2025-10-22T09:32:53","guid":{"rendered":"https:\/\/oximio.com\/network\/labeling-packaging-canada\/"},"modified":"2025-11-08T05:18:35","modified_gmt":"2025-11-08T04:18:35","slug":"labeling-packaging-canada","status":"publish","type":"page","link":"https:\/\/oximio.com\/hu\/network\/labeling-packaging-canada\/","title":{"rendered":"Oximio Kanad\u00e1ban"},"content":{"rendered":"\n<div class=\"wp-block-group\"><div class=\"wp-block-group__inner-container is-layout-constrained wp-block-group-is-layout-constrained\">\n<div style=\"height:28px\" aria-hidden=\"true\" class=\"wp-block-spacer\"><\/div>\n\n\n\n<p style=\"font-size:16px\">T\u00f6bb mint 20 \u00e9ves tapasztalattal rendelkez\u00fcnk a klinikai vizsg\u00e1latok ell\u00e1t\u00e1si l\u00e1nc\u00e1nak megold\u00e1saiban, \u00e9s \u00edgy tudjuk t\u00e1mogatni az \u00d6n klinikai kutat\u00e1s\u00e1t az ontari\u00f3i rakt\u00e1runkb\u00f3l:<\/p>\n\n\n\n<div style=\"height:28px\" aria-hidden=\"true\" class=\"wp-block-spacer\"><\/div>\n<\/div><\/div>\n\n\n\n<div class=\"wp-block-group\"><div class=\"wp-block-group__inner-container is-layout-constrained wp-block-group-is-layout-constrained\">\n<h2 class=\"wp-block-heading font-semibold\" style=\"font-size:28px\">Klinikai vizsg\u00e1lati csomagol\u00e1s<\/h2>\n\n\n\n<h3 class=\"wp-block-heading font-semibold has-medium-font-size\">GMP-megfelel\u0151 klinikai vizsg\u00e1lati csomagol\u00e1s \u2013 Id\u0151ben t\u00f6rt\u00e9n\u0151 sz\u00e1ll\u00edt\u00e1s<\/h3>\n\n\n\n<p>A betegek biztons\u00e1g\u00e1nak \u00e9s a k\u00eds\u00e9rlet siker\u00e9nek biztos\u00edt\u00e1sa kiemelten fontos. Az Oximio Bay Area Research Logistics-n\u00e1l \u00e1tfog\u00f3 szolg\u00e1ltat\u00e1scsomagot k\u00edn\u00e1lunk, amelyet \u00fagy alak\u00edtottunk ki, hogy megfeleljen a k\u00fcl\u00f6nf\u00e9le klinikai vizsg\u00e1lati csomagol\u00e1si ig\u00e9nyeinek, mik\u00f6zben betartjuk a glob\u00e1lis megfelel\u0151s\u00e9gi szabv\u00e1nyokat.<\/p>\n\n\n\n<ul class=\"wp-block-list\">\n<li>A betegek biztons\u00e1g\u00e1nak \u00e9s a klinikai vizsg\u00e1latok siker\u00e9nek biztos\u00edt\u00e1sa: Els\u0151dleges \u00e9s m\u00e1sodlagos klinikai vizsg\u00e1lati csomagol\u00e1st \u00e9s c\u00edmk\u00e9z\u00e9st k\u00edn\u00e1lunk, amelyet precizit\u00e1ssal, megfelel\u0151s\u00e9ggel \u00e9s hat\u00e9konys\u00e1ggal v\u00e9gz\u00fcnk, f\u00fcggetlen\u00fcl a t\u00e9tel m\u00e9ret\u00e9t\u0151l.<\/li>\n\n\n\n<li>Rugalmas megold\u00e1sok: palackok, bliszterk\u00e1rty\u00e1k, fiol\u00e1k \u00e9s \u00f6sszetett k\u00e9szletek \u2013 minden egyes vizsg\u00e1lati protokollhoz igaz\u00edtva.<\/li>\n\n\n\n<li>H\u0151m\u00e9rs\u00e9klet-szab\u00e1lyozott csomagol\u00e1s: Kezelje a bonyolult h\u0151m\u00e9rs\u00e9kleti ig\u00e9nyeket speci\u00e1lis k\u00f6rnyezet\u00fcnkkel, bele\u00e9rtve a hidegl\u00e1ncos \u00e9s fagyasztott m\u00e1sodlagos csomagol\u00e1st vakcin\u00e1k \u00e9s biol\u00f3giai anyagok sz\u00e1m\u00e1ra.<\/li>\n\n\n\n<li>Kock\u00e1zatcs\u00f6kkent\u00e9s: Biztos\u00edtjuk a bev\u00e1lt folyamatokat \u00e9s csomagol\u00e1st, hogy cs\u00f6kkents\u00fck a h\u0151m\u00e9rs\u00e9kleti elt\u00e9r\u00e9seket \u00e9s meg\u0151rizz\u00fck az ell\u00e1t\u00e1si l\u00e1nc integrit\u00e1s\u00e1t.<\/li>\n\n\n\n<li>Rend\u00edthetetlen Agilit\u00e1s: Rugalmas, gyorsan reag\u00e1l\u00f3 m\u0171k\u00f6d\u00e9s, amely k\u00e9pes kezelni a v\u00e1ratlan kih\u00edv\u00e1sokat an\u00e9lk\u00fcl, hogy vesz\u00e9lyeztetn\u00e9 a hat\u00e1rid\u0151ket.<\/li>\n<\/ul>\n\n\n\n<p>Elk\u00f6telezetts\u00e9g\u00fcnk, hogy megb\u00edzhat\u00f3 csomagol\u00e1st biztos\u00edtsunk, amely garant\u00e1lja, hogy a klinikai vizsg\u00e1lati ell\u00e1tm\u00e1nyok id\u0151ben \u00e9s biztons\u00e1gosan meg\u00e9rkezzenek.<\/p>\n<\/div><\/div>\n\n\n\n<div class=\"wp-block-group\"><div class=\"wp-block-group__inner-container is-layout-constrained wp-block-group-is-layout-constrained\">\n<h2 class=\"wp-block-heading font-semibold\" style=\"font-size:28px\">Klinikai vizsg\u00e1latok c\u00edmk\u00e9z\u00e9se<\/h2>\n\n\n\n<h3 class=\"wp-block-heading font-semibold has-medium-font-size\">\u00c1tfog\u00f3 klinikai vizsg\u00e1lati c\u00edmk\u00e9z\u00e9si \u00e9s csomagol\u00e1si szolg\u00e1ltat\u00e1sok<\/h3>\n\n\n\n<p>A pontos, szab\u00e1lyoknak megfelel\u0151 \u00e9s hat\u00e9kony c\u00edmk\u00e9z\u00e9s elengedhetetlen a sikeres klinikai vizsg\u00e1latokhoz. Biztos\u00edtjuk, hogy a vizsg\u00e1lati gy\u00f3gyszerek (IMPs) c\u00edmk\u00e9z\u00e9se megfeleljen a megfelel\u0151s\u00e9g, a nyomonk\u00f6vethet\u0151s\u00e9g \u00e9s a protokoll k\u00f6vetelm\u00e9nyeinek. C\u00edmk\u00e9z\u00e9si szolg\u00e1ltat\u00e1saink a k\u00f6vetkez\u0151ket tartalmazz\u00e1k:<\/p>\n\n\n\n<ul class=\"wp-block-list\">\n<li>Fokozott Nyomonk\u00f6vethet\u0151s\u00e9g: Gondosan ellen\u0151rizz\u00fck az \u00f6sszes els\u0151dleges \u00e9s m\u00e1sodlagos csomagol\u00e1s tartalm\u00e1t, \u00e9s egyedi t\u00e9telsz\u00e1mokat alkalmazunk a z\u00f6kken\u0151mentes nyomon k\u00f6vet\u00e9s \u00e9s megfelel\u0151s\u00e9g \u00e9rdek\u00e9ben.<\/li>\n\n\n\n<li>Testreszabhat\u00f3 c\u00edmk\u00e9z\u00e9s: Megfelel\u0151s\u00e9gi c\u00edmketervez\u00e9si \u00e9s nyomtat\u00e1si szolg\u00e1ltat\u00e1saink mind az \u00fcgyf\u00e9l el\u0151\u00edr\u00e1sainak, mind a GMP\/GCP ir\u00e1nyelveknek megfelelnek.<\/li>\n\n\n\n<li>T\u00f6bbnyelv\u0171 szak\u00e9rtelem: C\u00edmkeford\u00edt\u00e1st \u00e9s t\u00f6bbnyelv\u0171 f\u00fczetc\u00edmk\u00e9ket k\u00edn\u00e1lunk, hogy megfelelj\u00fcnk a glob\u00e1lis kutat\u00e1si ig\u00e9nyeknek.<\/li>\n\n\n\n<li>Min\u0151s\u00e9gbiztos\u00edt\u00e1s: Sz\u00e1m\u00edthat alapos ellen\u0151rz\u00e9si folyamatunkra, amely garant\u00e1lja a pontos \u00e9s hibamentes klinikai c\u00edmk\u00e9ket.<\/li>\n\n\n\n<li>H\u0151m\u00e9rs\u00e9klet-szab\u00e1lyozott megold\u00e1sok: Speci\u00e1lis h\u0171t\u00e9si l\u00e1nc \u00e9s ultra-alacsony h\u0151m\u00e9rs\u00e9kleten fagyasztott term\u00e9kek c\u00edmk\u00e9z\u00e9s\u00e9t k\u00edn\u00e1ljuk \u00e9rz\u00e9keny anyagok sz\u00e1m\u00e1ra.<\/li>\n\n\n\n<li>Rendszerintegr\u00e1ci\u00f3: Ha sz\u00fcks\u00e9ges, gondoskodunk arr\u00f3l, hogy z\u00f6kken\u0151mentesen integr\u00e1l\u00f3djunk a jelenlegi elektronikus rendszer\u00e9hez a pr\u00f3bafolyamatok g\u00f6rd\u00fcl\u00e9keny kezel\u00e9se \u00e9rdek\u00e9ben.<\/li>\n<\/ul>\n\n\n\n<p>Vegye fel vel\u00fcnk a kapcsolatot m\u00e9g ma, hogy megbesz\u00e9lhess\u00fck az ig\u00e9nyeit.<\/p>\n<\/div><\/div>\n\n\n\n<p><\/p>\n","protected":false},"excerpt":{"rendered":"<p>T\u00f6bb mint 20 \u00e9ves tapasztalattal rendelkez\u00fcnk a klinikai vizsg\u00e1latok ell\u00e1t\u00e1si l\u00e1nc\u00e1nak megold\u00e1saiban, \u00e9s \u00edgy tudjuk t\u00e1mogatni az \u00d6n klinikai kutat\u00e1s\u00e1t az ontari\u00f3i rakt\u00e1runkb\u00f3l: Klinikai vizsg\u00e1lati csomagol\u00e1s GMP-megfelel\u0151 klinikai vizsg\u00e1lati csomagol\u00e1s \u2013 Id\u0151ben t\u00f6rt\u00e9n\u0151 sz\u00e1ll\u00edt\u00e1s A betegek biztons\u00e1g\u00e1nak \u00e9s a k\u00eds\u00e9rlet siker\u00e9nek biztos\u00edt\u00e1sa kiemelten fontos. Az Oximio Bay Area Research Logistics-n\u00e1l \u00e1tfog\u00f3 szolg\u00e1ltat\u00e1scsomagot k\u00edn\u00e1lunk, amelyet \u00fagy [&hellip;]<\/p>\n","protected":false},"author":3,"featured_media":0,"parent":5166,"menu_order":0,"comment_status":"closed","ping_status":"closed","template":"Templates\/page-countries-sec.php","meta":{"_acf_changed":false,"footnotes":""},"class_list":["post-5699","page","type-page","status-publish","hentry"],"acf":[],"yoast_head":"<!-- This site is optimized with the Yoast SEO plugin v26.8 - https:\/\/yoast.com\/product\/yoast-seo-wordpress\/ -->\n<title>Labeling &amp; Packing Solutions | Clinical Trials Canada<\/title>\n<meta name=\"description\" content=\"Labeling &amp; Packaging Supply Chain Solutions for Clinical Trials in Canada. Find out how we can Support Your Clinical Research\" \/>\n<meta name=\"robots\" content=\"index, follow, max-snippet:-1, max-image-preview:large, max-video-preview:-1\" \/>\n<link rel=\"canonical\" href=\"https:\/\/oximio.com\/hu\/network\/labeling-packaging-canada\/\" \/>\n<meta property=\"og:locale\" content=\"hu_HU\" \/>\n<meta property=\"og:type\" content=\"article\" \/>\n<meta property=\"og:title\" content=\"Labeling &amp; Packing Solutions | Clinical Trials Canada\" \/>\n<meta property=\"og:description\" content=\"Labeling &amp; Packaging Supply Chain Solutions for Clinical Trials in Canada. Find out how we can Support Your Clinical Research\" \/>\n<meta property=\"og:url\" content=\"https:\/\/oximio.com\/hu\/network\/labeling-packaging-canada\/\" \/>\n<meta property=\"og:site_name\" content=\"Oximio\" \/>\n<meta property=\"article:publisher\" content=\"https:\/\/www.facebook.com\/Oximio\/\" \/>\n<meta property=\"article:modified_time\" content=\"2025-11-08T04:18:35+00:00\" \/>\n<meta property=\"og:image\" content=\"https:\/\/oximio.com\/wp-content\/uploads\/2024\/10\/Thumbnail-1.jpg\" \/>\n\t<meta property=\"og:image:width\" content=\"1200\" \/>\n\t<meta property=\"og:image:height\" content=\"675\" \/>\n\t<meta property=\"og:image:type\" content=\"image\/jpeg\" \/>\n<meta name=\"twitter:card\" content=\"summary_large_image\" \/>\n<meta name=\"twitter:label1\" content=\"Est. reading time\" \/>\n\t<meta name=\"twitter:data1\" content=\"2 minutes\" \/>\n<script type=\"application\/ld+json\" class=\"yoast-schema-graph\">{\"@context\":\"https:\/\/schema.org\",\"@graph\":[{\"@type\":\"WebPage\",\"@id\":\"https:\/\/oximio.com\/hu\/network\/labeling-packaging-canada\/\",\"url\":\"https:\/\/oximio.com\/hu\/network\/labeling-packaging-canada\/\",\"name\":\"Labeling & Packing Solutions | Clinical Trials Canada\",\"isPartOf\":{\"@id\":\"https:\/\/oximio.com\/hu\/#website\"},\"datePublished\":\"2025-10-22T09:32:53+00:00\",\"dateModified\":\"2025-11-08T04:18:35+00:00\",\"description\":\"Labeling & Packaging Supply Chain Solutions for Clinical Trials in Canada. Find out how we can Support Your Clinical Research\",\"breadcrumb\":{\"@id\":\"https:\/\/oximio.com\/hu\/network\/labeling-packaging-canada\/#breadcrumb\"},\"inLanguage\":\"hu\",\"potentialAction\":[{\"@type\":\"ReadAction\",\"target\":[\"https:\/\/oximio.com\/hu\/network\/labeling-packaging-canada\/\"]}]},{\"@type\":\"BreadcrumbList\",\"@id\":\"https:\/\/oximio.com\/hu\/network\/labeling-packaging-canada\/#breadcrumb\",\"itemListElement\":[{\"@type\":\"ListItem\",\"position\":1,\"name\":\"Home\",\"item\":\"https:\/\/oximio.com\/hu\/\"},{\"@type\":\"ListItem\",\"position\":2,\"name\":\"H\u00e1l\u00f3zat\",\"item\":\"https:\/\/oximio.com\/hu\/network\/\"},{\"@type\":\"ListItem\",\"position\":3,\"name\":\"Oximio Kanad\u00e1ban\"}]},{\"@type\":\"WebSite\",\"@id\":\"https:\/\/oximio.com\/hu\/#website\",\"url\":\"https:\/\/oximio.com\/hu\/\",\"name\":\"Oximio\",\"description\":\"We deliver care\",\"publisher\":{\"@id\":\"https:\/\/oximio.com\/hu\/#organization\"},\"potentialAction\":[{\"@type\":\"SearchAction\",\"target\":{\"@type\":\"EntryPoint\",\"urlTemplate\":\"https:\/\/oximio.com\/hu\/?s={search_term_string}\"},\"query-input\":{\"@type\":\"PropertyValueSpecification\",\"valueRequired\":true,\"valueName\":\"search_term_string\"}}],\"inLanguage\":\"hu\"},{\"@type\":\"Organization\",\"@id\":\"https:\/\/oximio.com\/hu\/#organization\",\"name\":\"Oximio\",\"url\":\"https:\/\/oximio.com\/hu\/\",\"logo\":{\"@type\":\"ImageObject\",\"inLanguage\":\"hu\",\"@id\":\"https:\/\/oximio.com\/hu\/#\/schema\/logo\/image\/\",\"url\":\"https:\/\/oximio.com\/wp-content\/uploads\/2024\/09\/Oximio_logo-01.jpg\",\"contentUrl\":\"https:\/\/oximio.com\/wp-content\/uploads\/2024\/09\/Oximio_logo-01.jpg\",\"width\":2501,\"height\":1363,\"caption\":\"Oximio\"},\"image\":{\"@id\":\"https:\/\/oximio.com\/hu\/#\/schema\/logo\/image\/\"},\"sameAs\":[\"https:\/\/www.facebook.com\/Oximio\/\",\"https:\/\/www.linkedin.com\/company\/smo-group\"]}]}<\/script>\n<!-- \/ Yoast SEO plugin. -->","yoast_head_json":{"title":"Labeling & Packing Solutions | Clinical Trials Canada","description":"Labeling & Packaging Supply Chain Solutions for Clinical Trials in Canada. Find out how we can Support Your Clinical Research","robots":{"index":"index","follow":"follow","max-snippet":"max-snippet:-1","max-image-preview":"max-image-preview:large","max-video-preview":"max-video-preview:-1"},"canonical":"https:\/\/oximio.com\/hu\/network\/labeling-packaging-canada\/","og_locale":"hu_HU","og_type":"article","og_title":"Labeling & Packing Solutions | Clinical Trials Canada","og_description":"Labeling & Packaging Supply Chain Solutions for Clinical Trials in Canada. Find out how we can Support Your Clinical Research","og_url":"https:\/\/oximio.com\/hu\/network\/labeling-packaging-canada\/","og_site_name":"Oximio","article_publisher":"https:\/\/www.facebook.com\/Oximio\/","article_modified_time":"2025-11-08T04:18:35+00:00","og_image":[{"width":1200,"height":675,"url":"https:\/\/oximio.com\/wp-content\/uploads\/2024\/10\/Thumbnail-1.jpg","type":"image\/jpeg"}],"twitter_card":"summary_large_image","twitter_misc":{"Est. reading time":"2 minutes"},"schema":{"@context":"https:\/\/schema.org","@graph":[{"@type":"WebPage","@id":"https:\/\/oximio.com\/hu\/network\/labeling-packaging-canada\/","url":"https:\/\/oximio.com\/hu\/network\/labeling-packaging-canada\/","name":"Labeling & Packing Solutions | Clinical Trials Canada","isPartOf":{"@id":"https:\/\/oximio.com\/hu\/#website"},"datePublished":"2025-10-22T09:32:53+00:00","dateModified":"2025-11-08T04:18:35+00:00","description":"Labeling & Packaging Supply Chain Solutions for Clinical Trials in Canada. Find out how we can Support Your Clinical Research","breadcrumb":{"@id":"https:\/\/oximio.com\/hu\/network\/labeling-packaging-canada\/#breadcrumb"},"inLanguage":"hu","potentialAction":[{"@type":"ReadAction","target":["https:\/\/oximio.com\/hu\/network\/labeling-packaging-canada\/"]}]},{"@type":"BreadcrumbList","@id":"https:\/\/oximio.com\/hu\/network\/labeling-packaging-canada\/#breadcrumb","itemListElement":[{"@type":"ListItem","position":1,"name":"Home","item":"https:\/\/oximio.com\/hu\/"},{"@type":"ListItem","position":2,"name":"H\u00e1l\u00f3zat","item":"https:\/\/oximio.com\/hu\/network\/"},{"@type":"ListItem","position":3,"name":"Oximio Kanad\u00e1ban"}]},{"@type":"WebSite","@id":"https:\/\/oximio.com\/hu\/#website","url":"https:\/\/oximio.com\/hu\/","name":"Oximio","description":"We deliver care","publisher":{"@id":"https:\/\/oximio.com\/hu\/#organization"},"potentialAction":[{"@type":"SearchAction","target":{"@type":"EntryPoint","urlTemplate":"https:\/\/oximio.com\/hu\/?s={search_term_string}"},"query-input":{"@type":"PropertyValueSpecification","valueRequired":true,"valueName":"search_term_string"}}],"inLanguage":"hu"},{"@type":"Organization","@id":"https:\/\/oximio.com\/hu\/#organization","name":"Oximio","url":"https:\/\/oximio.com\/hu\/","logo":{"@type":"ImageObject","inLanguage":"hu","@id":"https:\/\/oximio.com\/hu\/#\/schema\/logo\/image\/","url":"https:\/\/oximio.com\/wp-content\/uploads\/2024\/09\/Oximio_logo-01.jpg","contentUrl":"https:\/\/oximio.com\/wp-content\/uploads\/2024\/09\/Oximio_logo-01.jpg","width":2501,"height":1363,"caption":"Oximio"},"image":{"@id":"https:\/\/oximio.com\/hu\/#\/schema\/logo\/image\/"},"sameAs":["https:\/\/www.facebook.com\/Oximio\/","https:\/\/www.linkedin.com\/company\/smo-group"]}]}},"_links":{"self":[{"href":"https:\/\/oximio.com\/hu\/wp-json\/wp\/v2\/pages\/5699","targetHints":{"allow":["GET"]}}],"collection":[{"href":"https:\/\/oximio.com\/hu\/wp-json\/wp\/v2\/pages"}],"about":[{"href":"https:\/\/oximio.com\/hu\/wp-json\/wp\/v2\/types\/page"}],"author":[{"embeddable":true,"href":"https:\/\/oximio.com\/hu\/wp-json\/wp\/v2\/users\/3"}],"replies":[{"embeddable":true,"href":"https:\/\/oximio.com\/hu\/wp-json\/wp\/v2\/comments?post=5699"}],"version-history":[{"count":1,"href":"https:\/\/oximio.com\/hu\/wp-json\/wp\/v2\/pages\/5699\/revisions"}],"predecessor-version":[{"id":5705,"href":"https:\/\/oximio.com\/hu\/wp-json\/wp\/v2\/pages\/5699\/revisions\/5705"}],"up":[{"embeddable":true,"href":"https:\/\/oximio.com\/hu\/wp-json\/wp\/v2\/pages\/5166"}],"wp:attachment":[{"href":"https:\/\/oximio.com\/hu\/wp-json\/wp\/v2\/media?parent=5699"}],"curies":[{"name":"wp","href":"https:\/\/api.w.org\/{rel}","templated":true}]}}