
{"id":4786,"date":"2024-09-26T07:14:55","date_gmt":"2024-09-26T06:14:55","guid":{"rendered":"https:\/\/oximio.com\/network\/ukraine\/"},"modified":"2026-01-30T12:42:08","modified_gmt":"2026-01-30T11:42:08","slug":"ukraine","status":"publish","type":"page","link":"https:\/\/oximio.com\/tr\/network\/ukraine\/","title":{"rendered":"Ukrayna"},"content":{"rendered":"<section class=\"my-14\">\n    <div class=\"container \">\n      <div class=\"col-span-10 col-start-2 text-center\">\n        <h2 class=\"font-semibold text-2xl md:text-5xl leading-snug\">\n          Ukrayna'daki G\u00fcncel Durum Hakk\u0131nda Kapsaml\u0131 Bilgilendirme        <\/h2>\n      <\/div>\n      <div class=\"flex justify-center mt-10\">\n        <img decoding=\"async\" src=\"https:\/\/oximio.com\/wp-content\/uploads\/2024\/10\/coverage-ukraine.jpg\" alt=\"Map of Ukraine\" class=\"w-80 md:w-full\">\n      <\/div>\n    <\/div>\n    <div class=\"container flex flex-col md:flex-row mt-10 \">\n      <div class=\"flex flex-col items-center md:items-start md:w-1\/4\">\n                <p class=\"flex items-center gap-2 font-light text-sm\">\n          <img decoding=\"async\" src=\"https:\/\/oximio.com\/wp-content\/uploads\/2024\/10\/pin-cyan.png\" alt=\"pin cyan\" class=\"w-4 md:w-6\">Ana Depo        <\/p>\n                <p class=\"flex items-center gap-2 font-light mt-4 text-sm\">\n          <img decoding=\"async\" src=\"https:\/\/oximio.com\/wp-content\/uploads\/2024\/10\/pin-darkest-blue.png\" alt=\"pin darkest blue\" class=\"w-4 md:w-6\">B\u00f6lgesel Depo (May\u0131s 2022'den itibaren)        <\/p>\n              <\/div>\n      <div class=\"flex flex-col md:flex-row flex-wrap mt-12 md:mt-0 md:w-3\/4 md:ml-24\">\n        <div class=\"md:w-1\/2 flex flex-col md:pr-16\">\n                  <div class=\"flex flex-row\">\n            <div class=\"w-24 md:w-10\">\n              <img decoding=\"async\" src=\"https:\/\/oximio.com\/wp-content\/uploads\/2024\/10\/dot-yellow.svg\" alt=\"D\u00fczenli \u00c7al\u0131\u015fma\" class=\"w-[10px] mt-1\">\n            <\/div>\n            <div class=\"md:w-full\">\n              <h3 class=\"font-semibold text-sm\">D\u00fczenli \u00c7al\u0131\u015fma<\/h3>\n              <p class=\"font-light text-sm mt-2\">Bu alanlarda ta\u015f\u0131mac\u0131l\u0131k ve geni\u015fletilmi\u015f hizmetler (hastaya do\u011frudan, evde sa\u011fl\u0131k hizmeti, hasta seyahati) d\u00fczenli olarak kurulmu\u015f ve faaliyet g\u00f6stermektedir.              <\/p>\n            <\/div>\n          <\/div>\n          <div class=\"flex flex-row mt-12\">\n            <div class=\"w-10\">\n            <img decoding=\"async\" src=\"https:\/\/oximio.com\/wp-content\/uploads\/2024\/10\/dot-orange.svg\" alt=\"Duruma g\u00f6re incelenmi\u015ftir.\" class=\"w-[10px] mt-1\">\n            <\/div>\n            <div class=\"w-full\">\n              <h3 class=\"font-semibold text-sm\">Duruma g\u00f6re incelenmi\u015ftir.<\/h3>\n              <p class=\"font-light text-sm mt-2\">Bu b\u00f6lgelere\/\u015fehirlere y\u00f6nelik ula\u015f\u0131m ve geni\u015fletilmi\u015f hizmetler (hastaya do\u011frudan, evde sa\u011fl\u0131k hizmeti, hasta seyahati) m\u00fcmk\u00fcnd\u00fcr, ancak her bir durum \u00f6zelinde de\u011ferlendirilmelidir.              <\/p>\n            <\/div>\n          <\/div>\n          <div class=\"flex flex-row mt-12\">\n            <div class=\"w-10\">\n            <img decoding=\"async\" src=\"https:\/\/oximio.com\/wp-content\/uploads\/2024\/10\/dot-grey.svg\" alt=\"De\u011ferlendirme ile M\u00fcmk\u00fcn\" class=\"w-[10px] mt-1\">\n            <\/div>\n            <div class=\"w-full\">\n            <h3 class=\"font-semibold text-sm\">De\u011ferlendirme ile M\u00fcmk\u00fcn<\/h3>\n              <p class=\"font-light text-sm mt-2\">Standart hizmetler mevcut de\u011fildir. De\u011ferlendirme ile birlikte geni\u015fletilmi\u015f hizmetler (hastaya do\u011frudan, evde sa\u011fl\u0131k hizmeti, hasta seyahati) sa\u011flanabilir.              <\/p>\n            <\/div>\n          <\/div>\n          <div class=\"flex flex-row mt-12\">\n            <div class=\"w-10\">\n              <img decoding=\"async\" src=\"https:\/\/oximio.com\/wp-content\/uploads\/2024\/10\/dot-dark-grey.svg\" alt=\"Hizmet durduruldu.\" class=\"w-[10px] mt-1\">\n            <\/div>\n            <div class=\"w-full\">\n            <h3 class=\"font-semibold text-sm\">Hizmet durduruldu.<\/h3>\n              <p class=\"font-light text-sm mt-2\">Bu b\u00f6lgedeki t\u00fcm hizmetler \u015fu anda ask\u0131ya al\u0131nm\u0131\u015ft\u0131r.              <\/p>\n            <\/div>\n          <\/div>\n        <\/div>\n        <div class=\"md:w-1\/2 flex flex-col md:pl-10 mt-12 md:mt-0 ml-10 md:ml-0\">\n          <div>\n            <p class=\"font-thin text-sm\">Latest updates: Son g\u00fcncellemeler: 22 May\u0131s<\/p>\n                        <h3 class=\"font-semibold text-sm mt-6\">Ula\u015f\u0131m Hizmetleri:<\/h3>\n            <p class=\"font-thin text-sm\">Sumy ve Romny b\u00f6lgeleri sar\u0131 b\u00f6lgeye al\u0131nd\u0131.<\/p>\n<p class=\"font-thin text-sm mt-6\">L\u00fctfen bu bilginin belirtilen g\u00fcn i\u00e7in ge\u00e7erli oldu\u011funu ve \u00f6nceden haber verilmeksizin de\u011fi\u015febilece\u011fini unutmay\u0131n. Herhangi bir sorunuz varsa l\u00fctfen bizimle <a class=\"underline\" href=\"https:\/\/stage.oximio.com\/contact\/\">buradan<\/a> ileti\u015fime ge\u00e7in.<\/p>\n          <\/div>\n        <\/div>\n      <\/div>\n    <\/div>\n  <\/section>\n  \n\n\n\n<p><\/p>\n","protected":false},"excerpt":{"rendered":"","protected":false},"author":1,"featured_media":0,"parent":4760,"menu_order":4,"comment_status":"closed","ping_status":"closed","template":"Templates\/page-countries.php","meta":{"_acf_changed":false,"footnotes":""},"class_list":["post-4786","page","type-page","status-publish","hentry"],"acf":[],"yoast_head":"<!-- This site is optimized with the Yoast SEO plugin v26.8 - https:\/\/yoast.com\/product\/yoast-seo-wordpress\/ -->\n<title>Clinical Trial Logistics Services Ukraine | Customs Clearance<\/title>\n<meta name=\"description\" content=\"Oximio, Ukraine Offers Comprehensive Clinical Trials Logistics Services. Customs Clearance &amp; Temperature Control Solutions.\" \/>\n<meta name=\"robots\" content=\"index, follow, max-snippet:-1, max-image-preview:large, max-video-preview:-1\" \/>\n<link rel=\"canonical\" href=\"https:\/\/oximio.com\/tr\/network\/ukraine\/\" \/>\n<meta property=\"og:locale\" content=\"tr_TR\" \/>\n<meta property=\"og:type\" content=\"article\" \/>\n<meta property=\"og:title\" content=\"Clinical Trial Logistics Services Ukraine | Customs Clearance\" \/>\n<meta property=\"og:description\" content=\"Oximio, Ukraine Offers Comprehensive Clinical Trials Logistics Services. Customs Clearance &amp; Temperature Control Solutions.\" \/>\n<meta property=\"og:url\" content=\"https:\/\/oximio.com\/tr\/network\/ukraine\/\" \/>\n<meta property=\"og:site_name\" content=\"Oximio\" \/>\n<meta property=\"article:publisher\" content=\"https:\/\/www.facebook.com\/Oximio\/\" \/>\n<meta property=\"article:modified_time\" content=\"2026-01-30T11:42:08+00:00\" \/>\n<meta property=\"og:image\" content=\"https:\/\/oximio.com\/wp-content\/uploads\/2024\/10\/Thumbnail-1.jpg\" \/>\n\t<meta property=\"og:image:width\" content=\"1200\" \/>\n\t<meta property=\"og:image:height\" content=\"675\" \/>\n\t<meta property=\"og:image:type\" content=\"image\/jpeg\" \/>\n<meta name=\"twitter:card\" content=\"summary_large_image\" \/>\n<meta name=\"twitter:label1\" content=\"Est. reading time\" \/>\n\t<meta name=\"twitter:data1\" content=\"1 minute\" \/>\n<script type=\"application\/ld+json\" class=\"yoast-schema-graph\">{\"@context\":\"https:\/\/schema.org\",\"@graph\":[{\"@type\":\"WebPage\",\"@id\":\"https:\/\/oximio.com\/tr\/network\/ukraine\/\",\"url\":\"https:\/\/oximio.com\/tr\/network\/ukraine\/\",\"name\":\"Clinical Trial Logistics Services Ukraine | Customs Clearance\",\"isPartOf\":{\"@id\":\"https:\/\/oximio.com\/tr\/#website\"},\"datePublished\":\"2024-09-26T06:14:55+00:00\",\"dateModified\":\"2026-01-30T11:42:08+00:00\",\"description\":\"Oximio, Ukraine Offers Comprehensive Clinical Trials Logistics Services. Customs Clearance & Temperature Control Solutions.\",\"breadcrumb\":{\"@id\":\"https:\/\/oximio.com\/tr\/network\/ukraine\/#breadcrumb\"},\"inLanguage\":\"tr\",\"potentialAction\":[{\"@type\":\"ReadAction\",\"target\":[\"https:\/\/oximio.com\/tr\/network\/ukraine\/\"]}]},{\"@type\":\"BreadcrumbList\",\"@id\":\"https:\/\/oximio.com\/tr\/network\/ukraine\/#breadcrumb\",\"itemListElement\":[{\"@type\":\"ListItem\",\"position\":1,\"name\":\"Home\",\"item\":\"https:\/\/oximio.com\/tr\/\"},{\"@type\":\"ListItem\",\"position\":2,\"name\":\"A\u011f\",\"item\":\"https:\/\/oximio.com\/tr\/network\/\"},{\"@type\":\"ListItem\",\"position\":3,\"name\":\"Ukrayna\"}]},{\"@type\":\"WebSite\",\"@id\":\"https:\/\/oximio.com\/tr\/#website\",\"url\":\"https:\/\/oximio.com\/tr\/\",\"name\":\"Oximio\",\"description\":\"We deliver care\",\"publisher\":{\"@id\":\"https:\/\/oximio.com\/tr\/#organization\"},\"potentialAction\":[{\"@type\":\"SearchAction\",\"target\":{\"@type\":\"EntryPoint\",\"urlTemplate\":\"https:\/\/oximio.com\/tr\/?s={search_term_string}\"},\"query-input\":{\"@type\":\"PropertyValueSpecification\",\"valueRequired\":true,\"valueName\":\"search_term_string\"}}],\"inLanguage\":\"tr\"},{\"@type\":\"Organization\",\"@id\":\"https:\/\/oximio.com\/tr\/#organization\",\"name\":\"Oximio\",\"url\":\"https:\/\/oximio.com\/tr\/\",\"logo\":{\"@type\":\"ImageObject\",\"inLanguage\":\"tr\",\"@id\":\"https:\/\/oximio.com\/tr\/#\/schema\/logo\/image\/\",\"url\":\"https:\/\/oximio.com\/wp-content\/uploads\/2024\/09\/Oximio_logo-01.jpg\",\"contentUrl\":\"https:\/\/oximio.com\/wp-content\/uploads\/2024\/09\/Oximio_logo-01.jpg\",\"width\":2501,\"height\":1363,\"caption\":\"Oximio\"},\"image\":{\"@id\":\"https:\/\/oximio.com\/tr\/#\/schema\/logo\/image\/\"},\"sameAs\":[\"https:\/\/www.facebook.com\/Oximio\/\",\"https:\/\/www.linkedin.com\/company\/smo-group\"]}]}<\/script>\n<!-- \/ Yoast SEO plugin. -->","yoast_head_json":{"title":"Clinical Trial Logistics Services Ukraine | Customs Clearance","description":"Oximio, Ukraine Offers Comprehensive Clinical Trials Logistics Services. Customs Clearance & Temperature Control Solutions.","robots":{"index":"index","follow":"follow","max-snippet":"max-snippet:-1","max-image-preview":"max-image-preview:large","max-video-preview":"max-video-preview:-1"},"canonical":"https:\/\/oximio.com\/tr\/network\/ukraine\/","og_locale":"tr_TR","og_type":"article","og_title":"Clinical Trial Logistics Services Ukraine | Customs Clearance","og_description":"Oximio, Ukraine Offers Comprehensive Clinical Trials Logistics Services. Customs Clearance & Temperature Control Solutions.","og_url":"https:\/\/oximio.com\/tr\/network\/ukraine\/","og_site_name":"Oximio","article_publisher":"https:\/\/www.facebook.com\/Oximio\/","article_modified_time":"2026-01-30T11:42:08+00:00","og_image":[{"width":1200,"height":675,"url":"https:\/\/oximio.com\/wp-content\/uploads\/2024\/10\/Thumbnail-1.jpg","type":"image\/jpeg"}],"twitter_card":"summary_large_image","twitter_misc":{"Est. reading time":"1 minute"},"schema":{"@context":"https:\/\/schema.org","@graph":[{"@type":"WebPage","@id":"https:\/\/oximio.com\/tr\/network\/ukraine\/","url":"https:\/\/oximio.com\/tr\/network\/ukraine\/","name":"Clinical Trial Logistics Services Ukraine | Customs Clearance","isPartOf":{"@id":"https:\/\/oximio.com\/tr\/#website"},"datePublished":"2024-09-26T06:14:55+00:00","dateModified":"2026-01-30T11:42:08+00:00","description":"Oximio, Ukraine Offers Comprehensive Clinical Trials Logistics Services. Customs Clearance & Temperature Control Solutions.","breadcrumb":{"@id":"https:\/\/oximio.com\/tr\/network\/ukraine\/#breadcrumb"},"inLanguage":"tr","potentialAction":[{"@type":"ReadAction","target":["https:\/\/oximio.com\/tr\/network\/ukraine\/"]}]},{"@type":"BreadcrumbList","@id":"https:\/\/oximio.com\/tr\/network\/ukraine\/#breadcrumb","itemListElement":[{"@type":"ListItem","position":1,"name":"Home","item":"https:\/\/oximio.com\/tr\/"},{"@type":"ListItem","position":2,"name":"A\u011f","item":"https:\/\/oximio.com\/tr\/network\/"},{"@type":"ListItem","position":3,"name":"Ukrayna"}]},{"@type":"WebSite","@id":"https:\/\/oximio.com\/tr\/#website","url":"https:\/\/oximio.com\/tr\/","name":"Oximio","description":"We deliver care","publisher":{"@id":"https:\/\/oximio.com\/tr\/#organization"},"potentialAction":[{"@type":"SearchAction","target":{"@type":"EntryPoint","urlTemplate":"https:\/\/oximio.com\/tr\/?s={search_term_string}"},"query-input":{"@type":"PropertyValueSpecification","valueRequired":true,"valueName":"search_term_string"}}],"inLanguage":"tr"},{"@type":"Organization","@id":"https:\/\/oximio.com\/tr\/#organization","name":"Oximio","url":"https:\/\/oximio.com\/tr\/","logo":{"@type":"ImageObject","inLanguage":"tr","@id":"https:\/\/oximio.com\/tr\/#\/schema\/logo\/image\/","url":"https:\/\/oximio.com\/wp-content\/uploads\/2024\/09\/Oximio_logo-01.jpg","contentUrl":"https:\/\/oximio.com\/wp-content\/uploads\/2024\/09\/Oximio_logo-01.jpg","width":2501,"height":1363,"caption":"Oximio"},"image":{"@id":"https:\/\/oximio.com\/tr\/#\/schema\/logo\/image\/"},"sameAs":["https:\/\/www.facebook.com\/Oximio\/","https:\/\/www.linkedin.com\/company\/smo-group"]}]}},"_links":{"self":[{"href":"https:\/\/oximio.com\/tr\/wp-json\/wp\/v2\/pages\/4786","targetHints":{"allow":["GET"]}}],"collection":[{"href":"https:\/\/oximio.com\/tr\/wp-json\/wp\/v2\/pages"}],"about":[{"href":"https:\/\/oximio.com\/tr\/wp-json\/wp\/v2\/types\/page"}],"author":[{"embeddable":true,"href":"https:\/\/oximio.com\/tr\/wp-json\/wp\/v2\/users\/1"}],"replies":[{"embeddable":true,"href":"https:\/\/oximio.com\/tr\/wp-json\/wp\/v2\/comments?post=4786"}],"version-history":[{"count":4,"href":"https:\/\/oximio.com\/tr\/wp-json\/wp\/v2\/pages\/4786\/revisions"}],"predecessor-version":[{"id":6860,"href":"https:\/\/oximio.com\/tr\/wp-json\/wp\/v2\/pages\/4786\/revisions\/6860"}],"up":[{"embeddable":true,"href":"https:\/\/oximio.com\/tr\/wp-json\/wp\/v2\/pages\/4760"}],"wp:attachment":[{"href":"https:\/\/oximio.com\/tr\/wp-json\/wp\/v2\/media?parent=4786"}],"curies":[{"name":"wp","href":"https:\/\/api.w.org\/{rel}","templated":true}]}}