
{"id":5937,"date":"2025-10-22T10:32:53","date_gmt":"2025-10-22T09:32:53","guid":{"rendered":"https:\/\/oximio.com\/network\/labeling-packaging-canada\/"},"modified":"2025-12-01T09:24:10","modified_gmt":"2025-12-01T08:24:10","slug":"labeling-packaging-canada","status":"publish","type":"page","link":"https:\/\/oximio.com\/tr\/network\/labeling-packaging-canada\/","title":{"rendered":"Kanada&#8217;daki Oximio"},"content":{"rendered":"\n<div class=\"wp-block-group\"><div class=\"wp-block-group__inner-container is-layout-constrained wp-block-group-is-layout-constrained\">\n<div style=\"height:28px\" aria-hidden=\"true\" class=\"wp-block-spacer\"><\/div>\n\n\n\n<p style=\"font-size:16px\">Klinik ara\u015ft\u0131rmalar i\u00e7in tedarik zinciri \u00e7\u00f6z\u00fcmleri sa\u011flama konusunda 20 y\u0131l\u0131 a\u015fk\u0131n deneyimimizle, Ontario depomuzdan klinik ara\u015ft\u0131rman\u0131z\u0131 \u015fu \u015fekilde destekleyebiliriz:<\/p>\n\n\n\n<div style=\"height:28px\" aria-hidden=\"true\" class=\"wp-block-spacer\"><\/div>\n<\/div><\/div>\n\n\n\n<div class=\"wp-block-group\"><div class=\"wp-block-group__inner-container is-layout-constrained wp-block-group-is-layout-constrained\">\n<h2 class=\"wp-block-heading font-semibold\" style=\"font-size:28px\">Klinik Ara\u015ft\u0131rma \u00dcr\u00fcnlerinin Ambalajlanmas\u0131<\/h2>\n\n\n\n<h3 class=\"wp-block-heading font-semibold has-medium-font-size\">GMP Uyumlu Klinik Ara\u015ft\u0131rma \u00dcr\u00fcnlerinin Paketlenmesi \u2013 Zaman\u0131nda Teslimat<\/h3>\n\n\n\n<p>Hasta g\u00fcvenli\u011fini ve klinik ara\u015ft\u0131rma ba\u015far\u0131s\u0131n\u0131 \u00f6nceli\u011fimizdir. Oximio Bay Area Ara\u015ft\u0131rma Lojisti\u011fi olarak, k\u00fcresel uyumluluk standartlar\u0131n\u0131 kar\u015f\u0131larken, \u00e7e\u015fitli klinik ara\u015ft\u0131rma paketleme ihtiya\u00e7lar\u0131n\u0131z\u0131 kar\u015f\u0131lamak \u00fczere tasarlanm\u0131\u015f kapsaml\u0131 bir hizmet yelpazesi sunuyoruz.<\/p>\n\n\n\n<ul class=\"wp-block-list\">\n<li>Hasta G\u00fcvenli\u011fini ve \u00c7al\u0131\u015fma Ba\u015far\u0131s\u0131n\u0131 Sa\u011flamak: Her seriyi b\u00fcy\u00fckl\u00fc\u011f\u00fcne uygun olarak, hassasiyet, uyumluluk ve verimlilikle sunulan primer ve sekonder klinik \u00e7al\u0131\u015fma ambalajlama ve etiketleme hizmetleri sunuyoruz.<\/li>\n\n\n\n<li>Esnek \u00c7\u00f6z\u00fcmler: \u015ei\u015feler, blister kartlar, vialler ve karma\u015f\u0131k kitler \u2013 her \u00e7al\u0131\u015fma protokol\u00fcne \u00f6zel olarak uyarlan\u0131r.<\/li>\n\n\n\n<li>S\u0131cakl\u0131k Kontroll\u00fc Ambalajlama: A\u015f\u0131lar ve biyolojik \u00fcr\u00fcnler i\u00e7in so\u011fuk zincir ve dondurulmu\u015f sekonder paketleme de dahil olmak \u00fczere, \u00f6zel ortamlar\u0131m\u0131zla karma\u015f\u0131k s\u0131cakl\u0131k gereksinimlerini y\u00f6netin.<\/li>\n\n\n\n<li>Risk Azaltma: S\u0131cakl\u0131k sapmalar\u0131n\u0131 azaltmak ve tedarik b\u00fct\u00fcnl\u00fc\u011f\u00fcn\u00fc korumak i\u00e7in do\u011frulanm\u0131\u015f s\u00fcre\u00e7ler ve paketleme sa\u011fl\u0131yoruz<\/li>\n\n\n\n<li>Sars\u0131lmaz \u00c7eviklik: Zaman \u00e7izelgelerinden \u00f6d\u00fcn vermeden, beklenmedik zorluklara yan\u0131t verebilen esnek ve duyarl\u0131 operasyonlar.<\/li>\n<\/ul>\n\n\n\n<p>Taahh\u00fcd\u00fcm\u00fcz, klinik deneme malzemelerinizin zaman\u0131nda ve g\u00fcvenli bir \u015fekilde ula\u015fmas\u0131n\u0131 sa\u011flayan g\u00fcvenilir kutulama sunmakt\u0131r.<\/p>\n<\/div><\/div>\n\n\n\n<div class=\"wp-block-group\"><div class=\"wp-block-group__inner-container is-layout-constrained wp-block-group-is-layout-constrained\">\n<h2 class=\"wp-block-heading font-semibold\" style=\"font-size:28px\">Klinik Ara\u015ft\u0131rma \u00dcr\u00fcnlerinin Etiketlenmesi<\/h2>\n\n\n\n<h3 class=\"wp-block-heading font-semibold has-medium-font-size\">Kapsaml\u0131 Klinik Ara\u015ft\u0131rma Etiketleme &amp; Kutulama Hizmetleri<\/h3>\n\n\n\n<p>Do\u011fru, mevzuata uygun ve etkili etiketleme, ba\u015far\u0131l\u0131 klinik deneyler i\u00e7in esast\u0131r. T\u0131bbi ara\u015ft\u0131rma \u00fcr\u00fcnlerinin, uyumluluk, izlenebilirlik ve protokol gerekliliklerini destekleyecek \u015fekilde etiketlenmesini sa\u011fl\u0131yoruz. Etiketleme hizmetlerimiz \u015funlar\u0131 i\u00e7erir:<\/p>\n\n\n\n<ul class=\"wp-block-list\">\n<li>Geli\u015ftirilmi\u015f \u0130zlenebilirlik: T\u00fcm primer ve sekonder ambalajlar\u0131n i\u00e7eriklerini titizlikle do\u011fruluyor ve sorunsuz takip ve uyumluluk i\u00e7in benzersiz seri numaralar\u0131 uyguluyoruz.<\/li>\n\n\n\n<li>\u00d6zelle\u015ftirilebilir Etiketleme: M\u00fc\u015fteri gereksinimlerine ve GMP\/GCP y\u00f6nergelerine uygun etiket tasar\u0131m\u0131 ve bask\u0131 hizmetlerimiz bulunmaktad\u0131r.<\/li>\n\n\n\n<li>\u00c7ok Dilli Uzmanl\u0131k: K\u00fcresel ara\u015ft\u0131rma ihtiya\u00e7lar\u0131na y\u00f6nelik etiket \u00e7evirisi ve kitap\u00e7\u0131k haz\u0131rlama hizmeti sunuyoruz.<\/li>\n\n\n\n<li>Kalite G\u00fcvencesi: Do\u011fru ve hatas\u0131z klinik etiketler sa\u011flamak i\u00e7in kapsaml\u0131 denetim s\u00fcrecimize g\u00fcvenebilirsiniz.<\/li>\n\n\n\n<li>S\u0131cakl\u0131k Kontroll\u00fc \u00c7\u00f6z\u00fcmler: Hassas materyaller i\u00e7in \u00f6zel so\u011fuk zincir ve ultra d\u00fc\u015f\u00fck s\u0131cakl\u0131kta dondurulmu\u015f \u00fcr\u00fcn etiketleme hizmetleri sunuyoruz.<\/li>\n\n\n\n<li>Sistem Entegrasyonu: \u0130htiya\u00e7 halinde, mevcut elektronik sisteminizle kusursuz entegrasyon sa\u011flayabiliriz.<\/li>\n<\/ul>\n\n\n\n<p>\u0130htiya\u00e7lar\u0131n\u0131z i\u00e7in bug\u00fcn bizimle ileti\u015fime ge\u00e7in.<\/p>\n<\/div><\/div>\n\n\n\n<p><\/p>\n","protected":false},"excerpt":{"rendered":"<p>Klinik ara\u015ft\u0131rmalar i\u00e7in tedarik zinciri \u00e7\u00f6z\u00fcmleri sa\u011flama konusunda 20 y\u0131l\u0131 a\u015fk\u0131n deneyimimizle, Ontario depomuzdan klinik ara\u015ft\u0131rman\u0131z\u0131 \u015fu \u015fekilde destekleyebiliriz: Klinik Ara\u015ft\u0131rma \u00dcr\u00fcnlerinin Ambalajlanmas\u0131 GMP Uyumlu Klinik Ara\u015ft\u0131rma \u00dcr\u00fcnlerinin Paketlenmesi \u2013 Zaman\u0131nda Teslimat Hasta g\u00fcvenli\u011fini ve klinik ara\u015ft\u0131rma ba\u015far\u0131s\u0131n\u0131 \u00f6nceli\u011fimizdir. Oximio Bay Area Ara\u015ft\u0131rma Lojisti\u011fi olarak, k\u00fcresel uyumluluk standartlar\u0131n\u0131 kar\u015f\u0131larken, \u00e7e\u015fitli klinik ara\u015ft\u0131rma paketleme ihtiya\u00e7lar\u0131n\u0131z\u0131 kar\u015f\u0131lamak [&hellip;]<\/p>\n","protected":false},"author":3,"featured_media":0,"parent":4760,"menu_order":0,"comment_status":"closed","ping_status":"closed","template":"Templates\/page-countries-sec.php","meta":{"_acf_changed":false,"footnotes":""},"class_list":["post-5937","page","type-page","status-publish","hentry"],"acf":[],"yoast_head":"<!-- This site is optimized with the Yoast SEO plugin v26.8 - https:\/\/yoast.com\/product\/yoast-seo-wordpress\/ -->\n<title>Kanada Klinik Ara\u015ft\u0131rma Lojisti\u011fi | Kar\u015f\u0131la\u015ft\u0131rma \u00dcr\u00fcn\u00fc\/\u0130lac\u0131 Tedari\u011fi| Depolama<\/title>\n<meta name=\"description\" content=\"Klinik Ara\u015ft\u0131rma Lojisti\u011fi: Is\u0131 Kontroll\u00fc Tedarik ve Depolama. \u0130la\u00e7 ve yard\u0131mc\u0131 malzemeler i\u00e7in, kar\u015f\u0131la\u015ft\u0131rma \u00fcr\u00fcn\u00fc tedari\u011fi. Bize Ula\u015f\u0131n\" \/>\n<meta name=\"robots\" content=\"index, follow, max-snippet:-1, max-image-preview:large, max-video-preview:-1\" \/>\n<link rel=\"canonical\" href=\"https:\/\/oximio.com\/tr\/network\/labeling-packaging-canada\/\" \/>\n<meta property=\"og:locale\" content=\"tr_TR\" \/>\n<meta property=\"og:type\" content=\"article\" \/>\n<meta property=\"og:title\" content=\"Kanada Klinik Ara\u015ft\u0131rma Lojisti\u011fi | Kar\u015f\u0131la\u015ft\u0131rma \u00dcr\u00fcn\u00fc\/\u0130lac\u0131 Tedari\u011fi| Depolama\" \/>\n<meta property=\"og:description\" content=\"Klinik Ara\u015ft\u0131rma Lojisti\u011fi: Is\u0131 Kontroll\u00fc Tedarik ve Depolama. \u0130la\u00e7 ve yard\u0131mc\u0131 malzemeler i\u00e7in, kar\u015f\u0131la\u015ft\u0131rma \u00fcr\u00fcn\u00fc tedari\u011fi. Bize Ula\u015f\u0131n\" \/>\n<meta property=\"og:url\" content=\"https:\/\/oximio.com\/tr\/network\/labeling-packaging-canada\/\" \/>\n<meta property=\"og:site_name\" content=\"Oximio\" \/>\n<meta property=\"article:publisher\" content=\"https:\/\/www.facebook.com\/Oximio\/\" \/>\n<meta property=\"article:modified_time\" content=\"2025-12-01T08:24:10+00:00\" \/>\n<meta property=\"og:image\" content=\"https:\/\/oximio.com\/wp-content\/uploads\/2024\/10\/Thumbnail-1.jpg\" \/>\n\t<meta property=\"og:image:width\" content=\"1200\" \/>\n\t<meta property=\"og:image:height\" content=\"675\" \/>\n\t<meta property=\"og:image:type\" content=\"image\/jpeg\" \/>\n<meta name=\"twitter:card\" content=\"summary_large_image\" \/>\n<script type=\"application\/ld+json\" class=\"yoast-schema-graph\">{\"@context\":\"https:\/\/schema.org\",\"@graph\":[{\"@type\":\"WebPage\",\"@id\":\"https:\/\/oximio.com\/tr\/network\/labeling-packaging-canada\/\",\"url\":\"https:\/\/oximio.com\/tr\/network\/labeling-packaging-canada\/\",\"name\":\"Kanada Klinik Ara\u015ft\u0131rma Lojisti\u011fi | Kar\u015f\u0131la\u015ft\u0131rma \u00dcr\u00fcn\u00fc\/\u0130lac\u0131 Tedari\u011fi| Depolama\",\"isPartOf\":{\"@id\":\"https:\/\/oximio.com\/tr\/#website\"},\"datePublished\":\"2025-10-22T09:32:53+00:00\",\"dateModified\":\"2025-12-01T08:24:10+00:00\",\"description\":\"Klinik Ara\u015ft\u0131rma Lojisti\u011fi: Is\u0131 Kontroll\u00fc Tedarik ve Depolama. \u0130la\u00e7 ve yard\u0131mc\u0131 malzemeler i\u00e7in, kar\u015f\u0131la\u015ft\u0131rma \u00fcr\u00fcn\u00fc tedari\u011fi. Bize Ula\u015f\u0131n\",\"breadcrumb\":{\"@id\":\"https:\/\/oximio.com\/tr\/network\/labeling-packaging-canada\/#breadcrumb\"},\"inLanguage\":\"tr\",\"potentialAction\":[{\"@type\":\"ReadAction\",\"target\":[\"https:\/\/oximio.com\/tr\/network\/labeling-packaging-canada\/\"]}]},{\"@type\":\"BreadcrumbList\",\"@id\":\"https:\/\/oximio.com\/tr\/network\/labeling-packaging-canada\/#breadcrumb\",\"itemListElement\":[{\"@type\":\"ListItem\",\"position\":1,\"name\":\"Home\",\"item\":\"https:\/\/oximio.com\/tr\/\"},{\"@type\":\"ListItem\",\"position\":2,\"name\":\"A\u011f\",\"item\":\"https:\/\/oximio.com\/tr\/network\/\"},{\"@type\":\"ListItem\",\"position\":3,\"name\":\"Kanada&#8217;daki Oximio\"}]},{\"@type\":\"WebSite\",\"@id\":\"https:\/\/oximio.com\/tr\/#website\",\"url\":\"https:\/\/oximio.com\/tr\/\",\"name\":\"Oximio\",\"description\":\"We deliver care\",\"publisher\":{\"@id\":\"https:\/\/oximio.com\/tr\/#organization\"},\"potentialAction\":[{\"@type\":\"SearchAction\",\"target\":{\"@type\":\"EntryPoint\",\"urlTemplate\":\"https:\/\/oximio.com\/tr\/?s={search_term_string}\"},\"query-input\":{\"@type\":\"PropertyValueSpecification\",\"valueRequired\":true,\"valueName\":\"search_term_string\"}}],\"inLanguage\":\"tr\"},{\"@type\":\"Organization\",\"@id\":\"https:\/\/oximio.com\/tr\/#organization\",\"name\":\"Oximio\",\"url\":\"https:\/\/oximio.com\/tr\/\",\"logo\":{\"@type\":\"ImageObject\",\"inLanguage\":\"tr\",\"@id\":\"https:\/\/oximio.com\/tr\/#\/schema\/logo\/image\/\",\"url\":\"https:\/\/oximio.com\/wp-content\/uploads\/2024\/09\/Oximio_logo-01.jpg\",\"contentUrl\":\"https:\/\/oximio.com\/wp-content\/uploads\/2024\/09\/Oximio_logo-01.jpg\",\"width\":2501,\"height\":1363,\"caption\":\"Oximio\"},\"image\":{\"@id\":\"https:\/\/oximio.com\/tr\/#\/schema\/logo\/image\/\"},\"sameAs\":[\"https:\/\/www.facebook.com\/Oximio\/\",\"https:\/\/www.linkedin.com\/company\/smo-group\"]}]}<\/script>\n<!-- \/ Yoast SEO plugin. -->","yoast_head_json":{"title":"Kanada Klinik Ara\u015ft\u0131rma Lojisti\u011fi | Kar\u015f\u0131la\u015ft\u0131rma \u00dcr\u00fcn\u00fc\/\u0130lac\u0131 Tedari\u011fi| Depolama","description":"Klinik Ara\u015ft\u0131rma Lojisti\u011fi: Is\u0131 Kontroll\u00fc Tedarik ve Depolama. \u0130la\u00e7 ve yard\u0131mc\u0131 malzemeler i\u00e7in, kar\u015f\u0131la\u015ft\u0131rma \u00fcr\u00fcn\u00fc tedari\u011fi. Bize Ula\u015f\u0131n","robots":{"index":"index","follow":"follow","max-snippet":"max-snippet:-1","max-image-preview":"max-image-preview:large","max-video-preview":"max-video-preview:-1"},"canonical":"https:\/\/oximio.com\/tr\/network\/labeling-packaging-canada\/","og_locale":"tr_TR","og_type":"article","og_title":"Kanada Klinik Ara\u015ft\u0131rma Lojisti\u011fi | Kar\u015f\u0131la\u015ft\u0131rma \u00dcr\u00fcn\u00fc\/\u0130lac\u0131 Tedari\u011fi| Depolama","og_description":"Klinik Ara\u015ft\u0131rma Lojisti\u011fi: Is\u0131 Kontroll\u00fc Tedarik ve Depolama. \u0130la\u00e7 ve yard\u0131mc\u0131 malzemeler i\u00e7in, kar\u015f\u0131la\u015ft\u0131rma \u00fcr\u00fcn\u00fc tedari\u011fi. Bize Ula\u015f\u0131n","og_url":"https:\/\/oximio.com\/tr\/network\/labeling-packaging-canada\/","og_site_name":"Oximio","article_publisher":"https:\/\/www.facebook.com\/Oximio\/","article_modified_time":"2025-12-01T08:24:10+00:00","og_image":[{"width":1200,"height":675,"url":"https:\/\/oximio.com\/wp-content\/uploads\/2024\/10\/Thumbnail-1.jpg","type":"image\/jpeg"}],"twitter_card":"summary_large_image","schema":{"@context":"https:\/\/schema.org","@graph":[{"@type":"WebPage","@id":"https:\/\/oximio.com\/tr\/network\/labeling-packaging-canada\/","url":"https:\/\/oximio.com\/tr\/network\/labeling-packaging-canada\/","name":"Kanada Klinik Ara\u015ft\u0131rma Lojisti\u011fi | Kar\u015f\u0131la\u015ft\u0131rma \u00dcr\u00fcn\u00fc\/\u0130lac\u0131 Tedari\u011fi| Depolama","isPartOf":{"@id":"https:\/\/oximio.com\/tr\/#website"},"datePublished":"2025-10-22T09:32:53+00:00","dateModified":"2025-12-01T08:24:10+00:00","description":"Klinik Ara\u015ft\u0131rma Lojisti\u011fi: Is\u0131 Kontroll\u00fc Tedarik ve Depolama. \u0130la\u00e7 ve yard\u0131mc\u0131 malzemeler i\u00e7in, kar\u015f\u0131la\u015ft\u0131rma \u00fcr\u00fcn\u00fc tedari\u011fi. Bize Ula\u015f\u0131n","breadcrumb":{"@id":"https:\/\/oximio.com\/tr\/network\/labeling-packaging-canada\/#breadcrumb"},"inLanguage":"tr","potentialAction":[{"@type":"ReadAction","target":["https:\/\/oximio.com\/tr\/network\/labeling-packaging-canada\/"]}]},{"@type":"BreadcrumbList","@id":"https:\/\/oximio.com\/tr\/network\/labeling-packaging-canada\/#breadcrumb","itemListElement":[{"@type":"ListItem","position":1,"name":"Home","item":"https:\/\/oximio.com\/tr\/"},{"@type":"ListItem","position":2,"name":"A\u011f","item":"https:\/\/oximio.com\/tr\/network\/"},{"@type":"ListItem","position":3,"name":"Kanada&#8217;daki Oximio"}]},{"@type":"WebSite","@id":"https:\/\/oximio.com\/tr\/#website","url":"https:\/\/oximio.com\/tr\/","name":"Oximio","description":"We deliver care","publisher":{"@id":"https:\/\/oximio.com\/tr\/#organization"},"potentialAction":[{"@type":"SearchAction","target":{"@type":"EntryPoint","urlTemplate":"https:\/\/oximio.com\/tr\/?s={search_term_string}"},"query-input":{"@type":"PropertyValueSpecification","valueRequired":true,"valueName":"search_term_string"}}],"inLanguage":"tr"},{"@type":"Organization","@id":"https:\/\/oximio.com\/tr\/#organization","name":"Oximio","url":"https:\/\/oximio.com\/tr\/","logo":{"@type":"ImageObject","inLanguage":"tr","@id":"https:\/\/oximio.com\/tr\/#\/schema\/logo\/image\/","url":"https:\/\/oximio.com\/wp-content\/uploads\/2024\/09\/Oximio_logo-01.jpg","contentUrl":"https:\/\/oximio.com\/wp-content\/uploads\/2024\/09\/Oximio_logo-01.jpg","width":2501,"height":1363,"caption":"Oximio"},"image":{"@id":"https:\/\/oximio.com\/tr\/#\/schema\/logo\/image\/"},"sameAs":["https:\/\/www.facebook.com\/Oximio\/","https:\/\/www.linkedin.com\/company\/smo-group"]}]}},"_links":{"self":[{"href":"https:\/\/oximio.com\/tr\/wp-json\/wp\/v2\/pages\/5937","targetHints":{"allow":["GET"]}}],"collection":[{"href":"https:\/\/oximio.com\/tr\/wp-json\/wp\/v2\/pages"}],"about":[{"href":"https:\/\/oximio.com\/tr\/wp-json\/wp\/v2\/types\/page"}],"author":[{"embeddable":true,"href":"https:\/\/oximio.com\/tr\/wp-json\/wp\/v2\/users\/3"}],"replies":[{"embeddable":true,"href":"https:\/\/oximio.com\/tr\/wp-json\/wp\/v2\/comments?post=5937"}],"version-history":[{"count":2,"href":"https:\/\/oximio.com\/tr\/wp-json\/wp\/v2\/pages\/5937\/revisions"}],"predecessor-version":[{"id":5942,"href":"https:\/\/oximio.com\/tr\/wp-json\/wp\/v2\/pages\/5937\/revisions\/5942"}],"up":[{"embeddable":true,"href":"https:\/\/oximio.com\/tr\/wp-json\/wp\/v2\/pages\/4760"}],"wp:attachment":[{"href":"https:\/\/oximio.com\/tr\/wp-json\/wp\/v2\/media?parent=5937"}],"curies":[{"name":"wp","href":"https:\/\/api.w.org\/{rel}","templated":true}]}}